{"id":7758,"date":"2023-01-18T15:37:30","date_gmt":"2023-01-18T14:37:30","guid":{"rendered":"https:\/\/www.italdesign.it\/?page_id=7758"},"modified":"2024-11-19T12:14:57","modified_gmt":"2024-11-19T11:14:57","slug":"informativa-privacy-fornitori","status":"publish","type":"page","link":"https:\/\/www.italdesign.it\/it\/informativa-privacy-fornitori\/","title":{"rendered":"Informativa Privacy Fornitori"},"content":{"rendered":"\n<p class=\"has-text-align-right\">To read this page in english:<br><a href=\"https:\/\/www.italdesign.it\/italdesign-privacy-policies\/\">Suppliers Privacy Policy<\/a><br><\/p>\n\n\n\n<p><strong>Informativa ai sensi dell\u2019art. 13 del Regolamento Europeo n. 679\/2016 e della normativa nazionale in materia di protezione dei dati personali per il trattamento dei dati personali dei fornitori<\/strong><\/p>\n\n\n\n<p>Ai sensi dell\u2019art. 13 del Regolamento Europeo in materia di protezione dei dati personali (di seguito anche GDPR), Italdesign-Giugiaro S.p.A., in quanto Titolare del trattamento ai sensi dell\u2019art. 24 GDPR, comunica le seguenti informazioni:<\/p>\n\n\n\n<h3 class=\"wp-block-heading\">A) Titolare del trattamento e Responsabile della protezione dei dati<\/h3>\n\n\n\n<p>Il Titolare del trattamento \u00e8 Italdesign-Giugiaro S.p.A., con sede legale in Torino, via San Quintino 28 e sede operativa in Moncalieri (TO), via Achille Grandi 25, il quale pu\u00f2 essere contattato scrivendo a <a href=\"mailto:privacy@www.italdesign.it\">privacy@www.italdesign.it<\/a> o inviando una raccomandata all\u2019attenzione del Compliance Officer c\/o Italdesign \u2013 Giugiaro S.p.A., via Achille Grandi 25, Moncalieri (TO).<\/p>\n\n\n\n<p>Il Responsabile per la protezione dei dati (DPO) pu\u00f2 essere contattato inviando un\u2019e-mail a <a href=\"mailto:dpo@www.italdesign.it\">dpo@www.italdesign.it.<\/a><\/p>\n\n\n\n<h3 class=\"wp-block-heading\">B) Finalit\u00e0 del trattamento<\/h3>\n\n\n\n<p>Il trattamento dei dati \u00e8 effettuato nell\u2019ambito dell\u2019attivit\u00e0 della nostra Societ\u00e0 per le seguenti finalit\u00e0:<\/p>\n\n\n\n<ul class=\"wp-block-list\">\n<li>Gestione del rapporto precontrattuale e qualifica del fornitore secondo le policy aziendali;<\/li>\n\n\n\n<li>Gestione del rapporto contrattuale intercorrente con voi o con la Vs. Azienda;<\/li>\n\n\n\n<li>Gestione di eventuali contenziosi, attivit\u00e0 di tutela del credito e l\u2019eventuale cessione &nbsp;&nbsp;&nbsp;del medesimo;<\/li>\n\n\n\n<li>Adempimento degli obblighi previsti da leggi, regolamenti e normative comunitarie, incluse quelle contabili e fiscali;<\/li>\n\n\n\n<li>Adempimento delle disposizioni impartite da autorit\u00e0 a ci\u00f2 legittimate dalla legge e da organi giudiziari, di vigilanza e controllo.<\/li>\n<\/ul>\n\n\n\n<h3 class=\"wp-block-heading\">C) Modalit\u00e0 del trattamento<\/h3>\n\n\n\n<p>I dati personali vengono trattati dal Titolare nel rispetto dei principi di liceit\u00e0, correttezza e trasparenza.<\/p>\n\n\n\n<p>Il trattamento dei suoi dati personali \u00e8 realizzato per mezzo delle seguenti operazioni: raccolta, registrazione, organizzazione, strutturazione, conservazione, consultazione, adattamento o modifica, uso, diffusione, comunicazione, estrazione, raffronto, interconnessione, limitazione, cancellazione e distruzione dei dati. I Suoi dati personali sono sottoposti a trattamento sia cartaceo che elettronico. Il Titolare tratter\u00e0 i suoi dati personali per il tempo necessario ad adempiere alle finalit\u00e0 di cui al punto B, e comunque non oltre 30 anni dal termine del rapporto contrattuale.<\/p>\n\n\n\n<p>Dopo 10 anni dal termine del rapporto contrattuale, l\u2019accesso ai dati sar\u00e0 limitato ai Responsabili dell\u2019Ufficio Purchasing e ai Responsabili dell\u2019Ufficio Legal &amp; GRC.<\/p>\n\n\n\n<p>Dopo 20 anni dal termine del rapporto contrattuale, l\u2019accesso ai dati sar\u00e0 limitato ai Responsabili dell\u2019Ufficio Legal &amp; GRC per garantire il legittimo esercizio del diritto di difesa del Titolare.<\/p>\n\n\n\n<p>Nel caso in cui, in esito al procedimento di qualifica, il contratto non dovesse essere sottoscritto, il Titolare conserver\u00e0 i suoi dati per un periodo di 10 anni dalla comunicazione di questi.<\/p>\n\n\n\n<h3 class=\"wp-block-heading\">D) Natura del conferimento dei dati<\/h3>\n\n\n\n<p>Il conferimento dei dati ha natura facoltativa, ma la loro comunicazione \u00e8 strettamente indispensabile per poter dare esecuzione agli obblighi contrattuali e di legge. L\u2019eventuale totale o parziale rifiuto di conferire i Suoi dati precluder\u00e0 l\u2019instaurazione di un rapporto contrattuale con lei, in quanto il Titolare del trattamento sar\u00e0 impossibilitato ad osservare i relativi obblighi di legge e\/o contrattuali.<\/p>\n\n\n\n<h3 class=\"wp-block-heading\">E) Soggetti e categorie di soggetti ai quali i dati potranno essere comunicati<\/h3>\n\n\n\n<p>Oltre al personale Italdesign-Giugiaro S.p.A. autorizzato al trattamento dei Suoi dati e ai soggetti nominati Responsabili esterni, i dati di cui sopra potranno essere comunicati ai soggetti di seguito elencati:<\/p>\n\n\n\n<ul class=\"wp-block-list\">\n<li>Altre Societ\u00e0 del gruppo Italdesign-Giugiaro S.p.A. che ne dovessero necessitare nell\u2019ambito dell\u2019espletamento delle relative attivit\u00e0;<\/li>\n\n\n\n<li>Altre Societ\u00e0 del gruppo Volkswagen\/Audi;<\/li>\n\n\n\n<li>Societ\u00e0 clienti e\/o business partner del Titolare del trattamento;<\/li>\n\n\n\n<li>Consulenti, collaboratori, persone fisiche, societ\u00e0 e studi professionali \u2013 cui la Societ\u00e0 si affida (studi legali, consulenti del lavoro, istituti bancari, assicurazioni, studi commercialisti, societ\u00e0 di revisione);<\/li>\n\n\n\n<li>Soggetti pubblici o privati per gli adempimenti previsti da norme di legge.<\/li>\n<\/ul>\n\n\n\n<h3 class=\"wp-block-heading\">F) Trasferimento dei dati personali all\u2019estero<\/h3>\n\n\n\n<p>I Suoi dati sono conservati su server situati all&#8217;interno dell&#8217;Unione Europea presso la sede operativa del Titolare. In relazione alle finalit\u00e0 di cui al punto B, il Titolare del trattamento non ha necessit\u00e0 di trasferire i Suoi dati in paesi al di fuori dell&#8217;Unione Europea. Laddove il trasferimento dei dati extra-UE si rendesse necessario in relazione alle finalit\u00e0 di cui al punto B, il Titolare del trattamento assicura fin d&#8217;ora che tale trasferimento avverr\u00e0 nel pieno rispetto di una delle condizioni di cui al capo V del GDPR.<\/p>\n\n\n\n<h3 class=\"wp-block-heading\">G) Diritti dell\u2019interessato<\/h3>\n\n\n\n<p>A norma degli artt. 15 (Diritto di accesso), 16 (Diritto di rettifica), 17 (Diritto alla cancellazione), 18 (Diritto alla limitazione del trattamento), 20 (Diritto alla portabilit\u00e0), 22 (Diritto di opposizione al processo automatizzato), 77 (Diritto di proporre reclamo all\u2019Autorit\u00e0 di controllo) del GDPR, l\u2019Interessato pu\u00f2 esercitare i Suoi diritti scrivendo all\u2019indirizzo di posta elettronica <a href=\"mailto:privacy@www.italdesign.it\">privacy@www.italdesign.it.<\/a><\/p>\n\n\n\n<p>Distinti Saluti,<\/p>\n\n\n\n<p>Il Titolare del trattamento<\/p>\n\n\n\n<p><strong><em>Italdesign-Giugiaro S.p.A.<\/em><\/strong><\/p>\n","protected":false},"excerpt":{"rendered":"<p>To read this page in english:Suppliers Privacy Policy Informativa ai sensi dell\u2019art. 13 del Regolamento Europeo n. 679\/2016 e della normativa nazionale in materia di protezione dei dati personali per il trattamento dei dati personali dei fornitori Ai sensi dell\u2019art. 13 del Regolamento Europeo in materia di protezione dei dati personali (di seguito anche GDPR), [&hellip;]<\/p>\n","protected":false},"author":25,"featured_media":0,"parent":0,"menu_order":98,"comment_status":"closed","ping_status":"closed","template":"","meta":{"_acf_changed":false,"inline_featured_image":false,"footnotes":""},"class_list":["post-7758","page","type-page","status-publish","hentry"],"acf":[],"yoast_head":"<!-- This site is optimized with the Yoast SEO plugin v26.2 - https:\/\/yoast.com\/wordpress\/plugins\/seo\/ -->\n<title>Informativa Privacy Fornitori - Italdesign<\/title>\n<meta name=\"robots\" content=\"index, follow, max-snippet:-1, max-image-preview:large, max-video-preview:-1\" \/>\n<link rel=\"canonical\" href=\"https:\/\/www.italdesign.it\/it\/informativa-privacy-fornitori\/\" \/>\n<meta property=\"og:locale\" content=\"it_IT\" \/>\n<meta property=\"og:type\" content=\"article\" \/>\n<meta property=\"og:title\" content=\"Informativa Privacy Fornitori - Italdesign\" \/>\n<meta property=\"og:description\" content=\"To read this page in english:Suppliers Privacy Policy Informativa ai sensi dell\u2019art. 13 del Regolamento Europeo n. 679\/2016 e della normativa nazionale in materia di protezione dei dati personali per il trattamento dei dati personali dei fornitori Ai sensi dell\u2019art. 13 del Regolamento Europeo in materia di protezione dei dati personali (di seguito anche GDPR), [&hellip;]\" \/>\n<meta property=\"og:url\" content=\"https:\/\/www.italdesign.it\/it\/informativa-privacy-fornitori\/\" \/>\n<meta property=\"og:site_name\" content=\"Italdesign\" \/>\n<meta property=\"article:modified_time\" content=\"2024-11-19T11:14:57+00:00\" \/>\n<meta property=\"og:image\" content=\"https:\/\/www.italdesign.it\/wp-content\/uploads\/2024\/11\/italdesign-share.png\" \/>\n\t<meta property=\"og:image:width\" content=\"1920\" \/>\n\t<meta property=\"og:image:height\" content=\"1080\" \/>\n\t<meta property=\"og:image:type\" content=\"image\/png\" \/>\n<meta name=\"twitter:card\" content=\"summary_large_image\" \/>\n<script type=\"application\/ld+json\" class=\"yoast-schema-graph\">{\"@context\":\"https:\/\/schema.org\",\"@graph\":[{\"@type\":\"WebPage\",\"@id\":\"https:\/\/www.italdesign.it\/it\/informativa-privacy-fornitori\/\",\"url\":\"https:\/\/www.italdesign.it\/it\/informativa-privacy-fornitori\/\",\"name\":\"Informativa Privacy Fornitori - Italdesign\",\"isPartOf\":{\"@id\":\"https:\/\/www.italdesign.it\/it\/#website\"},\"datePublished\":\"2023-01-18T14:37:30+00:00\",\"dateModified\":\"2024-11-19T11:14:57+00:00\",\"breadcrumb\":{\"@id\":\"https:\/\/www.italdesign.it\/it\/informativa-privacy-fornitori\/#breadcrumb\"},\"inLanguage\":\"it-IT\",\"potentialAction\":[{\"@type\":\"ReadAction\",\"target\":[\"https:\/\/www.italdesign.it\/it\/informativa-privacy-fornitori\/\"]}]},{\"@type\":\"BreadcrumbList\",\"@id\":\"https:\/\/www.italdesign.it\/it\/informativa-privacy-fornitori\/#breadcrumb\",\"itemListElement\":[{\"@type\":\"ListItem\",\"position\":1,\"name\":\"Home\",\"item\":\"https:\/\/www.italdesign.it\/it\/\"},{\"@type\":\"ListItem\",\"position\":2,\"name\":\"Informativa Privacy Fornitori\"}]},{\"@type\":\"WebSite\",\"@id\":\"https:\/\/www.italdesign.it\/it\/#website\",\"url\":\"https:\/\/www.italdesign.it\/it\/\",\"name\":\"Italdesign\",\"description\":\"\",\"potentialAction\":[{\"@type\":\"SearchAction\",\"target\":{\"@type\":\"EntryPoint\",\"urlTemplate\":\"https:\/\/www.italdesign.it\/it\/?s={search_term_string}\"},\"query-input\":{\"@type\":\"PropertyValueSpecification\",\"valueRequired\":true,\"valueName\":\"search_term_string\"}}],\"inLanguage\":\"it-IT\"}]}<\/script>\n<!-- \/ Yoast SEO plugin. -->","yoast_head_json":{"title":"Informativa Privacy Fornitori - Italdesign","robots":{"index":"index","follow":"follow","max-snippet":"max-snippet:-1","max-image-preview":"max-image-preview:large","max-video-preview":"max-video-preview:-1"},"canonical":"https:\/\/www.italdesign.it\/it\/informativa-privacy-fornitori\/","og_locale":"it_IT","og_type":"article","og_title":"Informativa Privacy Fornitori - Italdesign","og_description":"To read this page in english:Suppliers Privacy Policy Informativa ai sensi dell\u2019art. 13 del Regolamento Europeo n. 679\/2016 e della normativa nazionale in materia di protezione dei dati personali per il trattamento dei dati personali dei fornitori Ai sensi dell\u2019art. 13 del Regolamento Europeo in materia di protezione dei dati personali (di seguito anche GDPR), [&hellip;]","og_url":"https:\/\/www.italdesign.it\/it\/informativa-privacy-fornitori\/","og_site_name":"Italdesign","article_modified_time":"2024-11-19T11:14:57+00:00","og_image":[{"width":1920,"height":1080,"url":"https:\/\/www.italdesign.it\/wp-content\/uploads\/2024\/11\/italdesign-share.png","type":"image\/png"}],"twitter_card":"summary_large_image","schema":{"@context":"https:\/\/schema.org","@graph":[{"@type":"WebPage","@id":"https:\/\/www.italdesign.it\/it\/informativa-privacy-fornitori\/","url":"https:\/\/www.italdesign.it\/it\/informativa-privacy-fornitori\/","name":"Informativa Privacy Fornitori - Italdesign","isPartOf":{"@id":"https:\/\/www.italdesign.it\/it\/#website"},"datePublished":"2023-01-18T14:37:30+00:00","dateModified":"2024-11-19T11:14:57+00:00","breadcrumb":{"@id":"https:\/\/www.italdesign.it\/it\/informativa-privacy-fornitori\/#breadcrumb"},"inLanguage":"it-IT","potentialAction":[{"@type":"ReadAction","target":["https:\/\/www.italdesign.it\/it\/informativa-privacy-fornitori\/"]}]},{"@type":"BreadcrumbList","@id":"https:\/\/www.italdesign.it\/it\/informativa-privacy-fornitori\/#breadcrumb","itemListElement":[{"@type":"ListItem","position":1,"name":"Home","item":"https:\/\/www.italdesign.it\/it\/"},{"@type":"ListItem","position":2,"name":"Informativa Privacy Fornitori"}]},{"@type":"WebSite","@id":"https:\/\/www.italdesign.it\/it\/#website","url":"https:\/\/www.italdesign.it\/it\/","name":"Italdesign","description":"","potentialAction":[{"@type":"SearchAction","target":{"@type":"EntryPoint","urlTemplate":"https:\/\/www.italdesign.it\/it\/?s={search_term_string}"},"query-input":{"@type":"PropertyValueSpecification","valueRequired":true,"valueName":"search_term_string"}}],"inLanguage":"it-IT"}]}},"_links":{"self":[{"href":"https:\/\/www.italdesign.it\/it\/wp-json\/wp\/v2\/pages\/7758","targetHints":{"allow":["GET"]}}],"collection":[{"href":"https:\/\/www.italdesign.it\/it\/wp-json\/wp\/v2\/pages"}],"about":[{"href":"https:\/\/www.italdesign.it\/it\/wp-json\/wp\/v2\/types\/page"}],"author":[{"embeddable":true,"href":"https:\/\/www.italdesign.it\/it\/wp-json\/wp\/v2\/users\/25"}],"replies":[{"embeddable":true,"href":"https:\/\/www.italdesign.it\/it\/wp-json\/wp\/v2\/comments?post=7758"}],"version-history":[{"count":2,"href":"https:\/\/www.italdesign.it\/it\/wp-json\/wp\/v2\/pages\/7758\/revisions"}],"predecessor-version":[{"id":16928,"href":"https:\/\/www.italdesign.it\/it\/wp-json\/wp\/v2\/pages\/7758\/revisions\/16928"}],"wp:attachment":[{"href":"https:\/\/www.italdesign.it\/it\/wp-json\/wp\/v2\/media?parent=7758"}],"curies":[{"name":"wp","href":"https:\/\/api.w.org\/{rel}","templated":true}]}}