{"id":7756,"date":"2023-01-18T15:32:55","date_gmt":"2023-01-18T14:32:55","guid":{"rendered":"https:\/\/www.italdesign.it\/?page_id=7756"},"modified":"2025-02-20T11:26:59","modified_gmt":"2025-02-20T10:26:59","slug":"informativa-privacy-clienti","status":"publish","type":"page","link":"https:\/\/www.italdesign.it\/it\/informativa-privacy-clienti\/","title":{"rendered":"Informativa Privacy Clienti"},"content":{"rendered":"\n<p class=\"has-text-align-right\">To read this page in english:<br><a href=\"https:\/\/www.italdesign.it\/customers-privacy-policy\/\">Customers Privacy Policy<\/a><br><\/p>\n\n\n\n<p><strong><em>Informativa e consenso ai sensi dell\u2019art. 13 del Regolamento Europeo n. 679\/2016 e della normativa nazionale in materia di protezione di dati personali per il trattamento dei dati dei clienti e potenziali clienti<\/em><\/strong><\/p>\n\n\n\n<p>Ai sensi dell\u2019art. 13 del Regolamento Europeo in materia di protezione dei dati personali (di seguito anche GDPR), Italdesign-Giugiaro S.p.A., in quanto Titolare del trattamento ex art. 24 GDPR, comunica le seguenti informazioni:<\/p>\n\n\n\n<h3 class=\"wp-block-heading\">A) Titolare del trattamento e Responsabile della protezione dei dati<\/h3>\n\n\n\n<p>Il Titolare del trattamento \u00e8 Italdesign-Giugiaro S.p.A., con sede legale in Torino, via San Quintino 28 e sede operativa in Moncalieri (TO), via Achille Grandi 25, il quale pu\u00f2 essere contattato scrivendo a <a href=\"mailto:privacy@www.italdesign.it\">privacy@www.italdesign.it<\/a> o inviando una raccomandata all\u2019attenzione del Responsabile dell\u2019Ufficio Legale c\/o Italdesign \u2013 Giugiaro S.p.A., via Achille Grandi 25, Moncalieri (TO).<\/p>\n\n\n\n<p>Il Responsabile per la protezione dei dati (DPO) pu\u00f2 essere contattato inviando un\u2019e-mail a <a href=\"mailto:dpo@www.italdesign.it\">dpo@www.italdesign.it<\/a>. &nbsp;<\/p>\n\n\n\n<h3 class=\"wp-block-heading\">B) Finalit\u00e0 del trattamento<\/h3>\n\n\n\n<p>Il trattamento dei dati \u00e8 effettuato nell\u2019ambito dell\u2019attivit\u00e0 della nostra Societ\u00e0 per le seguenti finalit\u00e0:<\/p>\n\n\n\n<ul class=\"wp-block-list\">\n<li>Verifiche e approfondimenti necessari per la formulazione di offerte e proposte su richiesta degli interessati;<\/li>\n\n\n\n<li>Adempimento degli obblighi pre-contrattuali, contrattuali e fiscali;<\/li>\n\n\n\n<li>Attivit\u00e0 di <em>due diligence<\/em>;<\/li>\n\n\n\n<li>Gestione del rapporto contrattuale;<\/li>\n\n\n\n<li>Gestione di eventuali contenziosi;<\/li>\n\n\n\n<li>Adempimento degli obblighi previsti da leggi, regolamenti e normative comunitarie, incluse quelle contabili e fiscali;<\/li>\n\n\n\n<li>Adempimento delle disposizioni impartite da autorit\u00e0 a ci\u00f2 legittimate dalla legge e da organi giudiziari, di vigilanza e controllo.<\/li>\n<\/ul>\n\n\n\n<h3 class=\"wp-block-heading\">C) Modalit\u00e0 del trattamento<\/h3>\n\n\n\n<p>I dati personali vengono trattati dal Titolare nel rispetto dei principi di liceit\u00e0, correttezza e trasparenza.<\/p>\n\n\n\n<p>Il trattamento dei suoi dati personali \u00e8 realizzato per mezzo delle seguenti operazioni: raccolta, registrazione, organizzazione, strutturazione, conservazione, consultazione, adattamento o modifica, uso, comunicazione, estrazione, raffronto, interconnessione, limitazione, cancellazione e distruzione dei dati.<\/p>\n\n\n\n<p>I Suoi dati personali sono sottoposti a trattamento sia cartaceo sia elettronico.<\/p>\n\n\n\n<p>Il Titolare tratter\u00e0 i suoi dati personali per il tempo necessario ad adempiere alle finalit\u00e0 di cui al punto B:<\/p>\n\n\n\n<ul class=\"wp-block-list\">\n<li>Per quanto riguarda i dati dei clienti, quest\u2019ultimi verranno conservati sul Tool per tutta la durata del rapporto contrattuale in essere con il Titolare e per 15 anni dal termine del medesimo.<\/li>\n\n\n\n<li>Per quanto riguarda i dati dei potenziali clienti, quest\u2019ultimi verranno conservati per 5 anni dalla raccolta con possibilit\u00e0 di prorogare tale periodo di ulteriori 5 anni su richiesta del prospect.<\/li>\n<\/ul>\n\n\n\n<h3 class=\"wp-block-heading\">D) Natura del conferimento dei dati e base giuridica<\/h3>\n\n\n\n<p>Il conferimento dei dati di cui al punto B ha natura facoltativa, ma la loro comunicazione \u00e8 strettamente indispensabile per poter dare esecuzione alle misure precontrattuali adottate su richiesta dell\u2019interessato, nonch\u00e9 agli obblighi contrattuali e di legge (art. 6, par. 1, lettere b) e c), GDPR). L\u2019eventuale totale o parziale rifiuto di conferire i Suoi dati precluder\u00e0 l\u2019instaurazione di un rapporto contrattuale con lei, in quanto il Titolare del trattamento sar\u00e0 impossibilitato ad osservare i relativi obblighi di legge e\/o contrattuali.<\/p>\n\n\n\n<h3 class=\"wp-block-heading\">&nbsp;E) Soggetti e categorie di soggetti ai quali i dati potranno essere comunicati<\/h3>\n\n\n\n<p>Oltre al personale Italdesign-Giugiaro S.p.A. incaricato della relativa gestione amministrativa ed informatica e nel rispetto delle finalit\u00e0 sopra elencate, i dati di cui sopra potranno essere comunicati ai soggetti di seguito elencati:<\/p>\n\n\n\n<ul class=\"wp-block-list\">\n<li>Altre Societ\u00e0 del gruppo Italdesign-Giugiaro S.p.A. che ne dovessero necessitare nell\u2019ambito dell\u2019espletamento delle relative attivit\u00e0;<\/li>\n\n\n\n<li>Altre societ\u00e0 del gruppo Volkswagen\/Audi;<\/li>\n\n\n\n<li>Societ\u00e0 clienti e business partner;<\/li>\n\n\n\n<li>Consulenti, collaboratori e agenti \u2013 persone fisiche, societ\u00e0 e studi professionali cui la Societ\u00e0 si affida (studi legali, consulenti del lavoro, istituti bancari, assicurazioni, studi commercialisti, societ\u00e0 di revisione);<\/li>\n\n\n\n<li>Soggetti pubblici o privati per gli adempimenti previsti da norme di legge.<\/li>\n<\/ul>\n\n\n\n<h3 class=\"wp-block-heading\">F) Trasferimento dei dati all\u2019estero<\/h3>\n\n\n\n<p>I Suoi dati personali potranno essere trasferiti a societ\u00e0 clienti sia interne che esterne al Gruppo Volkswagen\/Audi, anche con sede in stati Extra-UE. In tale ipotesi, il Titolare assicura sin d\u2019ora che il trasferimento dei dati extra-UE avverr\u00e0 in presenza di una delle condizioni di cui al capo V del GDPR. Nei casi eccezionali in cui il trasferimento avverr\u00e0 verso stati Extra-UE in assenza di una decisione di adeguatezza o di garanzie adeguate il Titolare valuter\u00e0 l\u2019applicazione delle eccezioni previste dall\u2019art 49 del GDPR ed in tal caso non sar\u00e0 possibile garantire il medesimo standard di protezione dei dati personali attuato nei paesi UE. &nbsp;<\/p>\n\n\n\n<h3 class=\"wp-block-heading\">G) Diritti dell\u2019interessato<\/h3>\n\n\n\n<p>A norma degli artt. 15 (Diritto di accesso), 16 (Diritto di rettifica), 17 (Diritto alla cancellazione), 18 (Diritto alla limitazione del trattamento), 20 (Diritto alla portabilit\u00e0), 21 (Diritto all\u2019opposizione), 22 (Diritto di opposizione al processo automatizzato), 77 (Diritto di proporre reclamo all\u2019Autorit\u00e0 di controllo) del GDPR, l\u2019Interessato pu\u00f2 esercitare i Suoi diritti scrivendo all\u2019indirizzo di posta elettronica <a href=\"mailto:privacy@www.italdesign.it\">privacy@www.italdesign.it<\/a>.<\/p>\n\n\n\n<p>Si precisa che Lei ha il diritto di revocare il consenso prestato in qualunque momento, scrivendo a <a href=\"mailto:privacy@www.italdesign.it\">privacy@www.italdesign.it<\/a>.<\/p>\n\n\n\n<p>Distinti Saluti<\/p>\n\n\n\n<p>Il Titolare del trattamento<\/p>\n\n\n\n<p><strong><em>Italdesign-Giugiaro S.p.A.<\/em><\/strong><\/p>\n","protected":false},"excerpt":{"rendered":"<p>To read this page in english:Customers Privacy Policy Informativa e consenso ai sensi dell\u2019art. 13 del Regolamento Europeo n. 679\/2016 e della normativa nazionale in materia di protezione di dati personali per il trattamento dei dati dei clienti e potenziali clienti Ai sensi dell\u2019art. 13 del Regolamento Europeo in materia di protezione dei dati personali [&hellip;]<\/p>\n","protected":false},"author":25,"featured_media":0,"parent":0,"menu_order":99,"comment_status":"closed","ping_status":"closed","template":"","meta":{"_acf_changed":false,"inline_featured_image":false,"footnotes":""},"class_list":["post-7756","page","type-page","status-publish","hentry"],"acf":[],"yoast_head":"<!-- This site is optimized with the Yoast SEO plugin v26.2 - https:\/\/yoast.com\/wordpress\/plugins\/seo\/ -->\n<title>Informativa Privacy Clienti - Italdesign<\/title>\n<meta name=\"robots\" content=\"index, follow, max-snippet:-1, max-image-preview:large, max-video-preview:-1\" \/>\n<link rel=\"canonical\" href=\"https:\/\/www.italdesign.it\/it\/informativa-privacy-clienti\/\" \/>\n<meta property=\"og:locale\" content=\"it_IT\" \/>\n<meta property=\"og:type\" content=\"article\" \/>\n<meta property=\"og:title\" content=\"Informativa Privacy Clienti - Italdesign\" \/>\n<meta property=\"og:description\" content=\"To read this page in english:Customers Privacy Policy Informativa e consenso ai sensi dell\u2019art. 13 del Regolamento Europeo n. 679\/2016 e della normativa nazionale in materia di protezione di dati personali per il trattamento dei dati dei clienti e potenziali clienti Ai sensi dell\u2019art. 13 del Regolamento Europeo in materia di protezione dei dati personali [&hellip;]\" \/>\n<meta property=\"og:url\" content=\"https:\/\/www.italdesign.it\/it\/informativa-privacy-clienti\/\" \/>\n<meta property=\"og:site_name\" content=\"Italdesign\" \/>\n<meta property=\"article:modified_time\" content=\"2025-02-20T10:26:59+00:00\" \/>\n<meta property=\"og:image\" content=\"https:\/\/www.italdesign.it\/wp-content\/uploads\/2024\/11\/italdesign-share.png\" \/>\n\t<meta property=\"og:image:width\" content=\"1920\" \/>\n\t<meta property=\"og:image:height\" content=\"1080\" \/>\n\t<meta property=\"og:image:type\" content=\"image\/png\" \/>\n<meta name=\"twitter:card\" content=\"summary_large_image\" \/>\n<script type=\"application\/ld+json\" class=\"yoast-schema-graph\">{\"@context\":\"https:\/\/schema.org\",\"@graph\":[{\"@type\":\"WebPage\",\"@id\":\"https:\/\/www.italdesign.it\/it\/informativa-privacy-clienti\/\",\"url\":\"https:\/\/www.italdesign.it\/it\/informativa-privacy-clienti\/\",\"name\":\"Informativa Privacy Clienti - Italdesign\",\"isPartOf\":{\"@id\":\"https:\/\/www.italdesign.it\/it\/#website\"},\"datePublished\":\"2023-01-18T14:32:55+00:00\",\"dateModified\":\"2025-02-20T10:26:59+00:00\",\"breadcrumb\":{\"@id\":\"https:\/\/www.italdesign.it\/it\/informativa-privacy-clienti\/#breadcrumb\"},\"inLanguage\":\"it-IT\",\"potentialAction\":[{\"@type\":\"ReadAction\",\"target\":[\"https:\/\/www.italdesign.it\/it\/informativa-privacy-clienti\/\"]}]},{\"@type\":\"BreadcrumbList\",\"@id\":\"https:\/\/www.italdesign.it\/it\/informativa-privacy-clienti\/#breadcrumb\",\"itemListElement\":[{\"@type\":\"ListItem\",\"position\":1,\"name\":\"Home\",\"item\":\"https:\/\/www.italdesign.it\/it\/\"},{\"@type\":\"ListItem\",\"position\":2,\"name\":\"Informativa Privacy Clienti\"}]},{\"@type\":\"WebSite\",\"@id\":\"https:\/\/www.italdesign.it\/it\/#website\",\"url\":\"https:\/\/www.italdesign.it\/it\/\",\"name\":\"Italdesign\",\"description\":\"\",\"potentialAction\":[{\"@type\":\"SearchAction\",\"target\":{\"@type\":\"EntryPoint\",\"urlTemplate\":\"https:\/\/www.italdesign.it\/it\/?s={search_term_string}\"},\"query-input\":{\"@type\":\"PropertyValueSpecification\",\"valueRequired\":true,\"valueName\":\"search_term_string\"}}],\"inLanguage\":\"it-IT\"}]}<\/script>\n<!-- \/ Yoast SEO plugin. -->","yoast_head_json":{"title":"Informativa Privacy Clienti - Italdesign","robots":{"index":"index","follow":"follow","max-snippet":"max-snippet:-1","max-image-preview":"max-image-preview:large","max-video-preview":"max-video-preview:-1"},"canonical":"https:\/\/www.italdesign.it\/it\/informativa-privacy-clienti\/","og_locale":"it_IT","og_type":"article","og_title":"Informativa Privacy Clienti - Italdesign","og_description":"To read this page in english:Customers Privacy Policy Informativa e consenso ai sensi dell\u2019art. 13 del Regolamento Europeo n. 679\/2016 e della normativa nazionale in materia di protezione di dati personali per il trattamento dei dati dei clienti e potenziali clienti Ai sensi dell\u2019art. 13 del Regolamento Europeo in materia di protezione dei dati personali [&hellip;]","og_url":"https:\/\/www.italdesign.it\/it\/informativa-privacy-clienti\/","og_site_name":"Italdesign","article_modified_time":"2025-02-20T10:26:59+00:00","og_image":[{"width":1920,"height":1080,"url":"https:\/\/www.italdesign.it\/wp-content\/uploads\/2024\/11\/italdesign-share.png","type":"image\/png"}],"twitter_card":"summary_large_image","schema":{"@context":"https:\/\/schema.org","@graph":[{"@type":"WebPage","@id":"https:\/\/www.italdesign.it\/it\/informativa-privacy-clienti\/","url":"https:\/\/www.italdesign.it\/it\/informativa-privacy-clienti\/","name":"Informativa Privacy Clienti - Italdesign","isPartOf":{"@id":"https:\/\/www.italdesign.it\/it\/#website"},"datePublished":"2023-01-18T14:32:55+00:00","dateModified":"2025-02-20T10:26:59+00:00","breadcrumb":{"@id":"https:\/\/www.italdesign.it\/it\/informativa-privacy-clienti\/#breadcrumb"},"inLanguage":"it-IT","potentialAction":[{"@type":"ReadAction","target":["https:\/\/www.italdesign.it\/it\/informativa-privacy-clienti\/"]}]},{"@type":"BreadcrumbList","@id":"https:\/\/www.italdesign.it\/it\/informativa-privacy-clienti\/#breadcrumb","itemListElement":[{"@type":"ListItem","position":1,"name":"Home","item":"https:\/\/www.italdesign.it\/it\/"},{"@type":"ListItem","position":2,"name":"Informativa Privacy Clienti"}]},{"@type":"WebSite","@id":"https:\/\/www.italdesign.it\/it\/#website","url":"https:\/\/www.italdesign.it\/it\/","name":"Italdesign","description":"","potentialAction":[{"@type":"SearchAction","target":{"@type":"EntryPoint","urlTemplate":"https:\/\/www.italdesign.it\/it\/?s={search_term_string}"},"query-input":{"@type":"PropertyValueSpecification","valueRequired":true,"valueName":"search_term_string"}}],"inLanguage":"it-IT"}]}},"_links":{"self":[{"href":"https:\/\/www.italdesign.it\/it\/wp-json\/wp\/v2\/pages\/7756","targetHints":{"allow":["GET"]}}],"collection":[{"href":"https:\/\/www.italdesign.it\/it\/wp-json\/wp\/v2\/pages"}],"about":[{"href":"https:\/\/www.italdesign.it\/it\/wp-json\/wp\/v2\/types\/page"}],"author":[{"embeddable":true,"href":"https:\/\/www.italdesign.it\/it\/wp-json\/wp\/v2\/users\/25"}],"replies":[{"embeddable":true,"href":"https:\/\/www.italdesign.it\/it\/wp-json\/wp\/v2\/comments?post=7756"}],"version-history":[{"count":2,"href":"https:\/\/www.italdesign.it\/it\/wp-json\/wp\/v2\/pages\/7756\/revisions"}],"predecessor-version":[{"id":18538,"href":"https:\/\/www.italdesign.it\/it\/wp-json\/wp\/v2\/pages\/7756\/revisions\/18538"}],"wp:attachment":[{"href":"https:\/\/www.italdesign.it\/it\/wp-json\/wp\/v2\/media?parent=7756"}],"curies":[{"name":"wp","href":"https:\/\/api.w.org\/{rel}","templated":true}]}}