{"id":6833,"date":"2021-12-01T10:40:29","date_gmt":"2021-12-01T09:40:29","guid":{"rendered":"https:\/\/www.italdesign.it\/?page_id=6833"},"modified":"2025-02-20T11:18:55","modified_gmt":"2025-02-20T10:18:55","slug":"termini-di-utilizzo","status":"publish","type":"page","link":"https:\/\/www.italdesign.it\/it\/termini-di-utilizzo\/","title":{"rendered":"Termini di utilizzo"},"content":{"rendered":"\n<p class=\"has-text-align-right\">To read this page in english:<br><a href=\"https:\/\/www.italdesign.it\/terms-of-use\/\">Terms of use<\/a><\/p>\n\n\n\n<p>Il sito <a href=\"http:\/\/homepage\">www.italdesign.it<\/a> (il &#8220;Sito&#8221;) \u00e8 di propriet\u00e0 di Italdesign-Giugiaro S.p.A. (&#8220;Italdesign&#8221;) a socio unico, soggetta a direzione e coordinamento di Audi AG &#8211; con sede legale in Torino, via S. Quintino 28, Italia.<\/p>\n\n\n\n<h3 class=\"wp-block-heading\">Diritti di propriet\u00e0 intellettuale<\/h3>\n\n\n\n<p>Il contenuto del Sito &#8211; ivi compresi, a titolo esemplificativo e non esaustivo, informazioni, dati, software, fotografie, grafica, video, sfondi, caratteri, design grafico, musica, suoni, immagini, illustrazioni, disegni, icone, testi &#8211; \u00e8 di propriet\u00e0 di Italdesign e\/o di terzi ed \u00e8 protetto da copyright.<\/p>\n\n\n\n<p>La duplicazione, la riproduzione (anche parziale), il download, il salvataggio, la pubblicazione o la distribuzione con qualsiasi mezzo, e pi\u00f9 in generale qualsiasi azione che comporti il trasferimento o l&#8217;utilizzo delle informazioni o del materiale pubblicato sul sito, in qualsiasi forma, utilizzando sia tecnologie esistenti che future, \u00e8 vietata senza l&#8217;espressa autorizzazione scritta del legittimo proprietario.<\/p>\n\n\n\n<p>I marchi, i brand e i loghi, registrati o non registrati, che appaiono sul Sito sono di propriet\u00e0 esclusiva di Italdesign e\/o di terzi, pertanto ne \u00e8 vietato l&#8217;uso e\/o la riproduzione senza il preventivo consenso scritto del proprietario.<\/p>\n\n\n\n<h3 class=\"wp-block-heading\">Limitazione di responsabilit\u00e0<\/h3>\n\n\n\n<p>Le informazioni, il software e i servizi inclusi o disponibili sul Sito possono contenere errori o imprecisioni.<\/p>\n\n\n\n<p>Le informazioni vengono aggiornate periodicamente. Italdesign e\/o i suoi fornitori si riservano il diritto di apportare miglioramenti e\/o modifiche al Sito e\/o ai servizi in qualsiasi momento.<\/p>\n\n\n\n<p>Italdesign e\/o i suoi fornitori non rilasciano alcuna garanzia o dichiarazione circa l&#8217;adeguatezza, l&#8217;affidabilit\u00e0, la disponibilit\u00e0, la tempestivit\u00e0, l&#8217;assenza di virus\/malware o di qualsiasi altro componente che possa causare danni, o circa l&#8217;accuratezza delle informazioni, del software, dei servizi e del corrispondente materiale grafico contenuto nel Sito e\/o nei servizi offerti.<\/p>\n\n\n\n<p>In nessun caso Italdesign e\/o i suoi fornitori saranno ritenuti responsabili per danni diretti o indiretti, punitivi, incidentali, speciali o secondari o per qualsiasi tipo di perdita, inclusa la perdita di utilizzo, dati o profitti, derivanti da o in qualsiasi modo connessi all&#8217;utilizzo o all&#8217;esecuzione del Sito, ai ritardi o all&#8217;impossibilit\u00e0 di utilizzare il Sito o i servizi corrispondenti, alla fornitura o alla mancata fornitura di servizi, o a qualsiasi informazione, software, prodotto, servizio e relativa grafica ottenuti tramite il Sito.<\/p>\n\n\n\n<p>In nessun caso Italdesign e i suoi amministratori, dirigenti, dipendenti o collaboratori saranno ritenuti responsabili per lesioni, perdite, reclami o danni, incidentali o indiretti di qualsiasi tipo, basati su contratti, azioni illecite o altro, derivanti da o in qualsiasi modo connessi all&#8217;utilizzo del Sito in modo non conforme ai termini e alle condizioni qui previste, anche se Italdesign \u00e8 stata informata della possibilit\u00e0 di tali danni.<\/p>\n\n\n\n<p>Un link a un sito web non costituisce un&#8217;approvazione da parte di Italdesign di tale sito o dei prodotti e servizi in esso contenuti.<\/p>\n\n\n\n<h3 class=\"wp-block-heading\">Link ad altri siti web<\/h3>\n\n\n\n<p>Il Sito contiene riferimenti a servizi forniti da terzi e link a siti web di terzi.<\/p>\n\n\n\n<p>Italdesign non fornisce alcuna garanzia e non si assume alcuna responsabilit\u00e0 in merito all&#8217;accuratezza e alla completezza delle informazioni e degli altri contenuti forniti da terzi o disponibili su siti web di terzi.<\/p>\n\n\n\n<p>Italdesign non \u00e8 responsabile del contenuto, della disponibilit\u00e0, del funzionamento o dell&#8217;esecuzione di qualsiasi altro sito web al quale il Sito possa essere collegato, o che possa essere accessibile dal Sito.<\/p>\n\n\n\n<h3 class=\"wp-block-heading\">Sezioni e contenuti di terze parti<\/h3>\n\n\n\n<p>Il Sito contiene sezioni e\/o servizi gestiti o forniti da terzi.<\/p>\n\n\n\n<p>Italdesign non si assume alcuna responsabilit\u00e0 in merito alla liceit\u00e0, veridicit\u00e0, accuratezza, completezza o qualsiasi altra caratteristica dei servizi o sezioni del Sito gestiti da terzi.<\/p>\n\n\n\n<p>La responsabilit\u00e0 dei contenuti dei servizi o delle sezioni del Sito, compresi la propriet\u00e0 e il diritto di utilizzo di testi, immagini, fotografie, musica, video o quant&#8217;altro \u00e8 esclusivamente dei suddetti terzi. Qualsiasi reclamo relativo ai contenuti dei servizi o sezioni del Sito gestiti o forniti da terzi dovr\u00e0 essere rivolto esclusivamente ai relativi autori o fornitori.<\/p>\n\n\n\n<h3 class=\"wp-block-heading\">Servizio di hosting<\/h3>\n\n\n\n<p>Il Sito \u00e8 ospitato sulla piattaforma Host.it.<\/p>\n\n\n\n<h3 class=\"wp-block-heading\">Cookies<\/h3>\n\n\n\n<p>Informazioni dettagliate sul tipo di cookie utilizzati e su come impedirne l&#8217;installazione sul computer dell&#8217;utente sono disponibili nella sezione dedicata alla <a href=\"https:\/\/www.italdesign.it\/informativa-sui-cookie\/\">Cookie Policy<\/a>.<\/p>\n\n\n\n<h3 class=\"wp-block-heading\">Tutela della Privacy<\/h3>\n\n\n\n<p>Italdesign si impegna a rispettare la privacy e la sicurezza dei visitatori o utenti del Sito (l'&#8221;Utente&#8221;). I dati che vengono volontariamente comunicati dall&#8217;Utente a Italdesign attraverso il Sito saranno trattati con la massima cura e con tutti gli strumenti necessari a garantirne la sicurezza, nel pieno rispetto della normativa italiana ed europea in materia di privacy e come specificato nella <a href=\"https:\/\/www.italdesign.it\/informativa-sulla-privacy\/\">pagina Privacy Policy<\/a>.<\/p>\n\n\n\n<h3 class=\"wp-block-heading\">Sospensione del Servizio<\/h3>\n\n\n\n<p>Italdesign pu\u00f2, a sua esclusiva discrezione e in qualsiasi momento, terminare o sospendere l&#8217;accesso dell&#8217;Utente a tutto o parte del Sito.<\/p>\n\n\n\n<h3 class=\"wp-block-heading\">Intero accordo<\/h3>\n\n\n\n<p>I presenti termini e condizioni rappresentano l&#8217;intero accordo tra l&#8217;Utente e Italdesign in merito all&#8217;utilizzo del Sito e sostituiscono qualsiasi dichiarazione o accordo precedente.<\/p>\n\n\n\n<p>Italdesign potr\u00e0, in qualsiasi momento e a sua esclusiva discrezione, modificare i termini e le condizioni qui previsti e pubblicare nuovi termini e condizioni su questo Sito, che saranno applicabili a partire dalla loro pubblicazione. L&#8217;utilizzo del Sito da parte dell&#8217;Utente sar\u00e0 regolato dai termini e dalle condizioni pubblicate sul Sito al momento di tale utilizzo.<\/p>\n\n\n\n<h3 class=\"wp-block-heading\">Legge applicabile e foro competente<\/h3>\n\n\n\n<p>Questi termini e condizioni sono regolati dalla legge italiana.<\/p>\n\n\n\n<p>Qualsiasi controversia derivante da o in relazione a questi termini e condizioni sar\u00e0 di esclusiva competenza del Tribunale di Torino, Italia.<\/p>\n","protected":false},"excerpt":{"rendered":"<p>To read this page in english:Terms of use Il sito www.italdesign.it (il &#8220;Sito&#8221;) \u00e8 di propriet\u00e0 di Italdesign-Giugiaro S.p.A. (&#8220;Italdesign&#8221;) a socio unico, soggetta a direzione e coordinamento di Audi AG &#8211; con sede legale in Torino, via S. Quintino 28, Italia. Diritti di propriet\u00e0 intellettuale Il contenuto del Sito &#8211; ivi compresi, a titolo [&hellip;]<\/p>\n","protected":false},"author":25,"featured_media":0,"parent":0,"menu_order":121,"comment_status":"closed","ping_status":"closed","template":"","meta":{"_acf_changed":false,"inline_featured_image":false,"footnotes":""},"class_list":["post-6833","page","type-page","status-publish","hentry"],"acf":[],"yoast_head":"<!-- This site is optimized with the Yoast SEO plugin v26.2 - https:\/\/yoast.com\/wordpress\/plugins\/seo\/ -->\n<title>Termini di utilizzo - Italdesign<\/title>\n<meta name=\"robots\" content=\"index, follow, max-snippet:-1, max-image-preview:large, max-video-preview:-1\" \/>\n<link rel=\"canonical\" href=\"https:\/\/www.italdesign.it\/it\/termini-di-utilizzo\/\" \/>\n<meta property=\"og:locale\" content=\"it_IT\" \/>\n<meta property=\"og:type\" content=\"article\" \/>\n<meta property=\"og:title\" content=\"Termini di utilizzo - Italdesign\" \/>\n<meta property=\"og:description\" content=\"To read this page in english:Terms of use Il sito www.italdesign.it (il &#8220;Sito&#8221;) \u00e8 di propriet\u00e0 di Italdesign-Giugiaro S.p.A. (&#8220;Italdesign&#8221;) a socio unico, soggetta a direzione e coordinamento di Audi AG &#8211; con sede legale in Torino, via S. Quintino 28, Italia. Diritti di propriet\u00e0 intellettuale Il contenuto del Sito &#8211; ivi compresi, a titolo [&hellip;]\" \/>\n<meta property=\"og:url\" content=\"https:\/\/www.italdesign.it\/it\/termini-di-utilizzo\/\" \/>\n<meta property=\"og:site_name\" content=\"Italdesign\" \/>\n<meta property=\"article:modified_time\" content=\"2025-02-20T10:18:55+00:00\" \/>\n<meta property=\"og:image\" content=\"https:\/\/www.italdesign.it\/wp-content\/uploads\/2024\/11\/italdesign-share.png\" \/>\n\t<meta property=\"og:image:width\" content=\"1920\" \/>\n\t<meta property=\"og:image:height\" content=\"1080\" \/>\n\t<meta property=\"og:image:type\" content=\"image\/png\" \/>\n<meta name=\"twitter:card\" content=\"summary_large_image\" \/>\n<script type=\"application\/ld+json\" class=\"yoast-schema-graph\">{\"@context\":\"https:\/\/schema.org\",\"@graph\":[{\"@type\":\"WebPage\",\"@id\":\"https:\/\/www.italdesign.it\/it\/termini-di-utilizzo\/\",\"url\":\"https:\/\/www.italdesign.it\/it\/termini-di-utilizzo\/\",\"name\":\"Termini di utilizzo - Italdesign\",\"isPartOf\":{\"@id\":\"https:\/\/www.italdesign.it\/it\/#website\"},\"datePublished\":\"2021-12-01T09:40:29+00:00\",\"dateModified\":\"2025-02-20T10:18:55+00:00\",\"breadcrumb\":{\"@id\":\"https:\/\/www.italdesign.it\/it\/termini-di-utilizzo\/#breadcrumb\"},\"inLanguage\":\"it-IT\",\"potentialAction\":[{\"@type\":\"ReadAction\",\"target\":[\"https:\/\/www.italdesign.it\/it\/termini-di-utilizzo\/\"]}]},{\"@type\":\"BreadcrumbList\",\"@id\":\"https:\/\/www.italdesign.it\/it\/termini-di-utilizzo\/#breadcrumb\",\"itemListElement\":[{\"@type\":\"ListItem\",\"position\":1,\"name\":\"Home\",\"item\":\"https:\/\/www.italdesign.it\/it\/\"},{\"@type\":\"ListItem\",\"position\":2,\"name\":\"Termini di utilizzo\"}]},{\"@type\":\"WebSite\",\"@id\":\"https:\/\/www.italdesign.it\/it\/#website\",\"url\":\"https:\/\/www.italdesign.it\/it\/\",\"name\":\"Italdesign\",\"description\":\"\",\"potentialAction\":[{\"@type\":\"SearchAction\",\"target\":{\"@type\":\"EntryPoint\",\"urlTemplate\":\"https:\/\/www.italdesign.it\/it\/?s={search_term_string}\"},\"query-input\":{\"@type\":\"PropertyValueSpecification\",\"valueRequired\":true,\"valueName\":\"search_term_string\"}}],\"inLanguage\":\"it-IT\"}]}<\/script>\n<!-- \/ Yoast SEO plugin. -->","yoast_head_json":{"title":"Termini di utilizzo - Italdesign","robots":{"index":"index","follow":"follow","max-snippet":"max-snippet:-1","max-image-preview":"max-image-preview:large","max-video-preview":"max-video-preview:-1"},"canonical":"https:\/\/www.italdesign.it\/it\/termini-di-utilizzo\/","og_locale":"it_IT","og_type":"article","og_title":"Termini di utilizzo - Italdesign","og_description":"To read this page in english:Terms of use Il sito www.italdesign.it (il &#8220;Sito&#8221;) \u00e8 di propriet\u00e0 di Italdesign-Giugiaro S.p.A. (&#8220;Italdesign&#8221;) a socio unico, soggetta a direzione e coordinamento di Audi AG &#8211; con sede legale in Torino, via S. Quintino 28, Italia. Diritti di propriet\u00e0 intellettuale Il contenuto del Sito &#8211; ivi compresi, a titolo [&hellip;]","og_url":"https:\/\/www.italdesign.it\/it\/termini-di-utilizzo\/","og_site_name":"Italdesign","article_modified_time":"2025-02-20T10:18:55+00:00","og_image":[{"width":1920,"height":1080,"url":"https:\/\/www.italdesign.it\/wp-content\/uploads\/2024\/11\/italdesign-share.png","type":"image\/png"}],"twitter_card":"summary_large_image","schema":{"@context":"https:\/\/schema.org","@graph":[{"@type":"WebPage","@id":"https:\/\/www.italdesign.it\/it\/termini-di-utilizzo\/","url":"https:\/\/www.italdesign.it\/it\/termini-di-utilizzo\/","name":"Termini di utilizzo - Italdesign","isPartOf":{"@id":"https:\/\/www.italdesign.it\/it\/#website"},"datePublished":"2021-12-01T09:40:29+00:00","dateModified":"2025-02-20T10:18:55+00:00","breadcrumb":{"@id":"https:\/\/www.italdesign.it\/it\/termini-di-utilizzo\/#breadcrumb"},"inLanguage":"it-IT","potentialAction":[{"@type":"ReadAction","target":["https:\/\/www.italdesign.it\/it\/termini-di-utilizzo\/"]}]},{"@type":"BreadcrumbList","@id":"https:\/\/www.italdesign.it\/it\/termini-di-utilizzo\/#breadcrumb","itemListElement":[{"@type":"ListItem","position":1,"name":"Home","item":"https:\/\/www.italdesign.it\/it\/"},{"@type":"ListItem","position":2,"name":"Termini di utilizzo"}]},{"@type":"WebSite","@id":"https:\/\/www.italdesign.it\/it\/#website","url":"https:\/\/www.italdesign.it\/it\/","name":"Italdesign","description":"","potentialAction":[{"@type":"SearchAction","target":{"@type":"EntryPoint","urlTemplate":"https:\/\/www.italdesign.it\/it\/?s={search_term_string}"},"query-input":{"@type":"PropertyValueSpecification","valueRequired":true,"valueName":"search_term_string"}}],"inLanguage":"it-IT"}]}},"_links":{"self":[{"href":"https:\/\/www.italdesign.it\/it\/wp-json\/wp\/v2\/pages\/6833","targetHints":{"allow":["GET"]}}],"collection":[{"href":"https:\/\/www.italdesign.it\/it\/wp-json\/wp\/v2\/pages"}],"about":[{"href":"https:\/\/www.italdesign.it\/it\/wp-json\/wp\/v2\/types\/page"}],"author":[{"embeddable":true,"href":"https:\/\/www.italdesign.it\/it\/wp-json\/wp\/v2\/users\/25"}],"replies":[{"embeddable":true,"href":"https:\/\/www.italdesign.it\/it\/wp-json\/wp\/v2\/comments?post=6833"}],"version-history":[{"count":3,"href":"https:\/\/www.italdesign.it\/it\/wp-json\/wp\/v2\/pages\/6833\/revisions"}],"predecessor-version":[{"id":18529,"href":"https:\/\/www.italdesign.it\/it\/wp-json\/wp\/v2\/pages\/6833\/revisions\/18529"}],"wp:attachment":[{"href":"https:\/\/www.italdesign.it\/it\/wp-json\/wp\/v2\/media?parent=6833"}],"curies":[{"name":"wp","href":"https:\/\/api.w.org\/{rel}","templated":true}]}}