{"id":6818,"date":"2021-11-30T10:23:17","date_gmt":"2021-11-30T09:23:17","guid":{"rendered":"https:\/\/www.italdesign.it\/?page_id=6818"},"modified":"2025-02-20T11:39:15","modified_gmt":"2025-02-20T10:39:15","slug":"informativa-sulla-privacy-per-la-newsletter","status":"publish","type":"page","link":"https:\/\/www.italdesign.it\/it\/informativa-sulla-privacy-per-la-newsletter\/","title":{"rendered":"Informativa sulla privacy per la newsletter"},"content":{"rendered":"\n<p class=\"has-text-align-right\">To read this page in english:<br><a href=\"https:\/\/www.italdesign.it\/newsletter-privacy-policy\/\">Newsletter Privacy Policy<\/a><\/p>\n\n\n\n<h3 class=\"wp-block-heading\">Informativa e consenso ai sensi degli artt. 13 del Regolamento Europeo n. 679\/2016 e della normativa nazionale in materia di protezione di dati personali<\/h3>\n\n\n\n<p>Ai sensi dell\u2019art. 13 del Regolamento Europeo in materia di protezione dei dati personali (di seguito anche GDPR), Italdesign-Giugiaro S.p.A., in quanto Titolare del trattamento ex art. 24 GDPR, comunica le seguenti informazioni:<\/p>\n\n\n\n<h3 class=\"wp-block-heading\">A) Titolare del trattamento e Responsabile della protezione dei dati<\/h3>\n\n\n\n<p>Il Titolare del trattamento \u00e8 Italdesign-Giugiaro S.p.A., con sede legale in Torino, via San Quintino 28 e sede operativa in Moncalieri (TO), via Achille Grandi 25, il quale pu\u00f2 essere contattato scrivendo a <a href=\"mailto:privacy@www.italdesign.it\" rel=\"nofollow\">privacy@www.italdesign.it<\/a> o inviando una raccomandata all\u2019attenzione del Head of Legal &amp; Governance c\/o Italdesign \u2013 Giugiaro S.p.A., via Achille Grandi 25, Moncalieri (TO).<\/p>\n\n\n\n<p>Il Responsabile per la protezione dei dati (DPO) pu\u00f2 essere contattato inviando un\u2019e-mail a <a href=\"mailto:dpo@www.italdesign.it\" rel=\"nofollow\">dpo@www.italdesign.it<\/a>.<\/p>\n\n\n\n<h3 class=\"wp-block-heading\">B) Ambito e finalit\u00e0 del trattamento<\/h3>\n\n\n\n<p>Il Titolare tratta dati anagrafici di tipo comune (nome, cognome) e di contatto (indirizzo e-mail) raccolti direttamente presso di Lei.<\/p>\n\n\n\n<p>Tali dati saranno utilizzati al fine di inviarLe informazioni commerciali, tramite invio della newsletter.<\/p>\n\n\n\n<h3 class=\"wp-block-heading\">C) Modalit\u00e0 del trattamento<\/h3>\n\n\n\n<p>I dati personali vengono trattati dal Titolare nel rispetto dei principi di liceit\u00e0, correttezza e trasparenza e comunque nel rispetto di tutti i principi di cui all\u2019art. 5 GDPR.<\/p>\n\n\n\n<p>Il Titolare tratter\u00e0 i Suoi dati personali per il tempo necessario ad adempiere alla finalit\u00e0 di cui al punto B ed in particolare i dati non saranno trattati oltre 2 anni dalla raccolta in caso di mancato rinnovo del consenso.<\/p>\n\n\n\n<h3 class=\"wp-block-heading\">D) Base giuridica del trattamento<\/h3>\n\n\n\n<p>Il conferimento dei Suoi dati personali per le finalit\u00e0 di cui al punto B \u00e8 facoltativo ed \u00e8 subordinato alla manifestazione di un previo e specifico consenso da parte Sua, che potr\u00e0 essere revocato in qualsiasi momento. Il mancato consenso al trattamento dei Suoi dati personali per la finalit\u00e0 di cui alla lettera B, comporter\u00e0 l\u2019impossibilit\u00e0 per il Titolare di inviarLe informazioni commerciali tramite newsletter.<\/p>\n\n\n\n<h3 class=\"wp-block-heading\">E) Soggetti e categorie di soggetti ai quali i dati potranno essere comunicati<\/h3>\n\n\n\n<p>Oltre al personale di Italdesign-Giugiaro S.p.A. autorizzato alla relativa gestione amministrativa ed informatica e nel rispetto delle finalit\u00e0 sopra elencate, i dati di cui sopra potranno essere comunicati ai soggetti di seguito elencati:<\/p>\n\n\n\n<ul class=\"wp-block-list\"><li>Fornitori incaricati di gestire il sito e\/o la newsletter, nominati Responsabili del trattamento;<\/li><li>Altre Societ\u00e0 del gruppo Italdesign-Giugiaro S.p.A. che ne dovessero necessitare nell\u2019ambito dell\u2019espletamento delle relative attivit\u00e0;<\/li><li>Altre societ\u00e0 del gruppo Volkswagen\/Audi;<\/li><li>Soggetti pubblici o privati per gli adempimenti previsti da norme di legge.<\/li><\/ul>\n\n\n\n<h3 class=\"wp-block-heading\">F) <strong>Trasferimento dei dati all\u2019estero<\/strong><\/h3>\n\n\n\n<p>I Suoi dati sono conservati su server situati all&#8217;interno dell&#8217;Unione Europea, rispettivamente presso la sede operativa del Titolare e presso le strutture dei Responsabili del trattamento che supportano il Titolare nello svolgimento delle attivit\u00e0 di cui al punto B. L&#8217;elenco completo dei Responsabili del trattamento \u00e8 disponibile presso la sede operativa del Titolare a Moncalieri. Pertanto, in relazione alle finalit\u00e0 di cui al punto B, il Titolare del trattamento non ha necessit\u00e0 di trasferire i Suoi dati in paesi al di fuori dell&#8217;Unione Europea. Laddove il trasferimento dei dati extra-UE si rendesse necessario in relazione alle finalit\u00e0 di cui al punto B, il Titolare del trattamento assicura fin d&#8217;ora che tale trasferimento avverr\u00e0 nel pieno rispetto di una delle condizioni di cui al capo V del GDPR.<\/p>\n\n\n\n<h3 class=\"wp-block-heading\">G) Diritti dell\u2019interessato<\/h3>\n\n\n\n<p>A norma degli artt. 15 (Diritto di accesso), 16 (Diritto di rettifica), 17 (Diritto alla cancellazione), 18 (Diritto alla limitazione del trattamento), 20 (Diritto alla portabilit\u00e0), 21 (Diritto all\u2019opposizione), 22 (Diritto di opposizione al processo automatizzato), 77 (Diritto di proporre reclamo all\u2019Autorit\u00e0 di controllo) del GDPR, l\u2019Interessato pu\u00f2 esercitare i Suoi diritti scrivendo all\u2019indirizzo di posta elettronica <a href=\"mailto:privacy@www.italdesign.it\" rel=\"nofollow\">privacy@www.italdesign.it<\/a>.<\/p>\n\n\n\n<p>Si precisa che Lei ha il diritto di revocare il consenso prestato in qualunque momento, scrivendo a <a href=\"mailto:privacy@www.italdesign.it\" rel=\"nofollow\">privacy@www.italdesign.it<\/a>.<\/p>\n\n\n\n<p>Distinti Saluti.<br>Il Titolare del trattamento<br><em>Italdesign-Giugiaro S.p.A.<\/em><\/p>\n","protected":false},"excerpt":{"rendered":"<p>To read this page in english:Newsletter Privacy Policy Informativa e consenso ai sensi degli artt. 13 del Regolamento Europeo n. 679\/2016 e della normativa nazionale in materia di protezione di dati personali Ai sensi dell\u2019art. 13 del Regolamento Europeo in materia di protezione dei dati personali (di seguito anche GDPR), Italdesign-Giugiaro S.p.A., in quanto Titolare [&hellip;]<\/p>\n","protected":false},"author":25,"featured_media":0,"parent":0,"menu_order":100,"comment_status":"closed","ping_status":"closed","template":"","meta":{"_acf_changed":false,"inline_featured_image":false,"footnotes":""},"class_list":["post-6818","page","type-page","status-publish","hentry"],"acf":[],"yoast_head":"<!-- This site is optimized with the Yoast SEO plugin v27.6 - https:\/\/yoast.com\/product\/yoast-seo-wordpress\/ -->\n<title>Informativa sulla privacy per la newsletter - Italdesign<\/title>\n<meta name=\"robots\" content=\"index, follow, max-snippet:-1, max-image-preview:large, max-video-preview:-1\" \/>\n<link rel=\"canonical\" href=\"https:\/\/www.italdesign.it\/it\/informativa-sulla-privacy-per-la-newsletter\/\" \/>\n<meta property=\"og:locale\" content=\"it_IT\" \/>\n<meta property=\"og:type\" content=\"article\" \/>\n<meta property=\"og:title\" content=\"Informativa sulla privacy per la newsletter - Italdesign\" \/>\n<meta property=\"og:description\" content=\"To read this page in english:Newsletter Privacy Policy Informativa e consenso ai sensi degli artt. 13 del Regolamento Europeo n. 679\/2016 e della normativa nazionale in materia di protezione di dati personali Ai sensi dell\u2019art. 13 del Regolamento Europeo in materia di protezione dei dati personali (di seguito anche GDPR), Italdesign-Giugiaro S.p.A., in quanto Titolare [&hellip;]\" \/>\n<meta property=\"og:url\" content=\"https:\/\/www.italdesign.it\/it\/informativa-sulla-privacy-per-la-newsletter\/\" \/>\n<meta property=\"og:site_name\" content=\"Italdesign\" \/>\n<meta property=\"article:modified_time\" content=\"2025-02-20T10:39:15+00:00\" \/>\n<meta property=\"og:image\" content=\"https:\/\/www.italdesign.it\/wp-content\/uploads\/2024\/11\/italdesign-share.png\" \/>\n\t<meta property=\"og:image:width\" content=\"1920\" \/>\n\t<meta property=\"og:image:height\" content=\"1080\" \/>\n\t<meta property=\"og:image:type\" content=\"image\/png\" \/>\n<meta name=\"twitter:card\" content=\"summary_large_image\" \/>\n<script type=\"application\/ld+json\" class=\"yoast-schema-graph\">{\"@context\":\"https:\\\/\\\/schema.org\",\"@graph\":[{\"@type\":\"WebPage\",\"@id\":\"https:\\\/\\\/www.italdesign.it\\\/it\\\/informativa-sulla-privacy-per-la-newsletter\\\/\",\"url\":\"https:\\\/\\\/www.italdesign.it\\\/it\\\/informativa-sulla-privacy-per-la-newsletter\\\/\",\"name\":\"Informativa sulla privacy per la newsletter - Italdesign\",\"isPartOf\":{\"@id\":\"https:\\\/\\\/www.italdesign.it\\\/it\\\/#website\"},\"datePublished\":\"2021-11-30T09:23:17+00:00\",\"dateModified\":\"2025-02-20T10:39:15+00:00\",\"breadcrumb\":{\"@id\":\"https:\\\/\\\/www.italdesign.it\\\/it\\\/informativa-sulla-privacy-per-la-newsletter\\\/#breadcrumb\"},\"inLanguage\":\"it-IT\",\"potentialAction\":[{\"@type\":\"ReadAction\",\"target\":[\"https:\\\/\\\/www.italdesign.it\\\/it\\\/informativa-sulla-privacy-per-la-newsletter\\\/\"]}]},{\"@type\":\"BreadcrumbList\",\"@id\":\"https:\\\/\\\/www.italdesign.it\\\/it\\\/informativa-sulla-privacy-per-la-newsletter\\\/#breadcrumb\",\"itemListElement\":[{\"@type\":\"ListItem\",\"position\":1,\"name\":\"Home\",\"item\":\"https:\\\/\\\/www.italdesign.it\\\/it\\\/\"},{\"@type\":\"ListItem\",\"position\":2,\"name\":\"Informativa sulla privacy per la newsletter\"}]},{\"@type\":\"WebSite\",\"@id\":\"https:\\\/\\\/www.italdesign.it\\\/it\\\/#website\",\"url\":\"https:\\\/\\\/www.italdesign.it\\\/it\\\/\",\"name\":\"Italdesign\",\"description\":\"\",\"potentialAction\":[{\"@type\":\"SearchAction\",\"target\":{\"@type\":\"EntryPoint\",\"urlTemplate\":\"https:\\\/\\\/www.italdesign.it\\\/it\\\/?s={search_term_string}\"},\"query-input\":{\"@type\":\"PropertyValueSpecification\",\"valueRequired\":true,\"valueName\":\"search_term_string\"}}],\"inLanguage\":\"it-IT\"}]}<\/script>\n<!-- \/ Yoast SEO plugin. -->","yoast_head_json":{"title":"Informativa sulla privacy per la newsletter - Italdesign","robots":{"index":"index","follow":"follow","max-snippet":"max-snippet:-1","max-image-preview":"max-image-preview:large","max-video-preview":"max-video-preview:-1"},"canonical":"https:\/\/www.italdesign.it\/it\/informativa-sulla-privacy-per-la-newsletter\/","og_locale":"it_IT","og_type":"article","og_title":"Informativa sulla privacy per la newsletter - Italdesign","og_description":"To read this page in english:Newsletter Privacy Policy Informativa e consenso ai sensi degli artt. 13 del Regolamento Europeo n. 679\/2016 e della normativa nazionale in materia di protezione di dati personali Ai sensi dell\u2019art. 13 del Regolamento Europeo in materia di protezione dei dati personali (di seguito anche GDPR), Italdesign-Giugiaro S.p.A., in quanto Titolare [&hellip;]","og_url":"https:\/\/www.italdesign.it\/it\/informativa-sulla-privacy-per-la-newsletter\/","og_site_name":"Italdesign","article_modified_time":"2025-02-20T10:39:15+00:00","og_image":[{"width":1920,"height":1080,"url":"https:\/\/www.italdesign.it\/wp-content\/uploads\/2024\/11\/italdesign-share.png","type":"image\/png"}],"twitter_card":"summary_large_image","schema":{"@context":"https:\/\/schema.org","@graph":[{"@type":"WebPage","@id":"https:\/\/www.italdesign.it\/it\/informativa-sulla-privacy-per-la-newsletter\/","url":"https:\/\/www.italdesign.it\/it\/informativa-sulla-privacy-per-la-newsletter\/","name":"Informativa sulla privacy per la newsletter - Italdesign","isPartOf":{"@id":"https:\/\/www.italdesign.it\/it\/#website"},"datePublished":"2021-11-30T09:23:17+00:00","dateModified":"2025-02-20T10:39:15+00:00","breadcrumb":{"@id":"https:\/\/www.italdesign.it\/it\/informativa-sulla-privacy-per-la-newsletter\/#breadcrumb"},"inLanguage":"it-IT","potentialAction":[{"@type":"ReadAction","target":["https:\/\/www.italdesign.it\/it\/informativa-sulla-privacy-per-la-newsletter\/"]}]},{"@type":"BreadcrumbList","@id":"https:\/\/www.italdesign.it\/it\/informativa-sulla-privacy-per-la-newsletter\/#breadcrumb","itemListElement":[{"@type":"ListItem","position":1,"name":"Home","item":"https:\/\/www.italdesign.it\/it\/"},{"@type":"ListItem","position":2,"name":"Informativa sulla privacy per la newsletter"}]},{"@type":"WebSite","@id":"https:\/\/www.italdesign.it\/it\/#website","url":"https:\/\/www.italdesign.it\/it\/","name":"Italdesign","description":"","potentialAction":[{"@type":"SearchAction","target":{"@type":"EntryPoint","urlTemplate":"https:\/\/www.italdesign.it\/it\/?s={search_term_string}"},"query-input":{"@type":"PropertyValueSpecification","valueRequired":true,"valueName":"search_term_string"}}],"inLanguage":"it-IT"}]}},"_links":{"self":[{"href":"https:\/\/www.italdesign.it\/it\/wp-json\/wp\/v2\/pages\/6818","targetHints":{"allow":["GET"]}}],"collection":[{"href":"https:\/\/www.italdesign.it\/it\/wp-json\/wp\/v2\/pages"}],"about":[{"href":"https:\/\/www.italdesign.it\/it\/wp-json\/wp\/v2\/types\/page"}],"author":[{"embeddable":true,"href":"https:\/\/www.italdesign.it\/it\/wp-json\/wp\/v2\/users\/25"}],"replies":[{"embeddable":true,"href":"https:\/\/www.italdesign.it\/it\/wp-json\/wp\/v2\/comments?post=6818"}],"version-history":[{"count":3,"href":"https:\/\/www.italdesign.it\/it\/wp-json\/wp\/v2\/pages\/6818\/revisions"}],"predecessor-version":[{"id":16920,"href":"https:\/\/www.italdesign.it\/it\/wp-json\/wp\/v2\/pages\/6818\/revisions\/16920"}],"wp:attachment":[{"href":"https:\/\/www.italdesign.it\/it\/wp-json\/wp\/v2\/media?parent=6818"}],"curies":[{"name":"wp","href":"https:\/\/api.w.org\/{rel}","templated":true}]}}