{"id":6811,"date":"2021-11-29T15:08:19","date_gmt":"2021-11-29T14:08:19","guid":{"rendered":"http:\/\/www.italdesign.it\/?page_id=6811"},"modified":"2025-02-20T11:29:54","modified_gmt":"2025-02-20T10:29:54","slug":"informativa-sui-cookie","status":"publish","type":"page","link":"https:\/\/www.italdesign.it\/it\/informativa-sui-cookie\/","title":{"rendered":"Informativa sui cookie"},"content":{"rendered":"\n<p class=\"has-text-align-right\">To read this page in english:<br><a href=\"http:\/\/www.italdesign.it\/cookie-policy\/\">Cookie Policy<\/a><\/p>\n\n\n\n<h3 class=\"wp-block-heading\">Chi \u00e8 il Titolare del Trattamento?<\/h3>\n\n\n\n<p>Ai sensi dell&#8217;articolo 24 GDPR, il Titolare del trattamento \u00e8 Italdesign Giugiaro S.p.A., con sede legale in Torino, via San Quintino, 28 e sede operativa in Moncalieri (TO), via Achille Grandi, 25.<\/p>\n\n\n\n<h3 class=\"wp-block-heading\">Cosa sono i cookies?<\/h3>\n\n\n\n<p>I cookies sono piccoli file di testo, tipicamente composti da lettere e numeri, scaricati su un dispositivo quando si accede a determinati siti web o e-mail, compreso il sito web di Italdesign. I cookies consentono a un sito web di riconoscere il dispositivo dell&#8217;utente.<\/p>\n\n\n\n<h3 class=\"wp-block-heading\">Il Titolare del trattamento usa cookies?<\/h3>\n\n\n\n<p>S\u00ec.<\/p>\n\n\n\n<h3 class=\"wp-block-heading\">Tipologie di cookies utilizzate<\/h3>\n\n\n\n<p>Utilizziamo cookies analytics e di targeting sul nostro sito web. La valutazione di tali cookies \u00e8 stata effettuata in base alle Linee guida EDPB 05\/2020 sul consenso ai sensi del Regolamento 2016\/679 e alle &#8220;Linee guida cookies ed altri strumenti di tracciamento 231\/2021&#8221; del Garante italiano per la protezione dei dati personali.<\/p>\n\n\n\n<h3 class=\"wp-block-heading\">Statistics analytics Cookies<\/h3>\n\n\n\n<p>Questo sito web utilizza Google Analytics, un servizio di analisi web fornito da Google, Inc. (&#8220;Google&#8221;). Google Analytics utilizza dei &#8220;cookies&#8221;, che sono file di testo che vengono depositati sul computer degli utenti per consentire al sito web di analizzare come questi ultimi utilizzano il sito. Le informazioni generate dal cookie sull&#8217;utilizzo del sito web da parte dell\u2019utente (compreso il suo indirizzo IP) verranno trasmesse a un server di Google negli Stati Uniti e ivi memorizzate. Google utilizzer\u00e0 queste informazioni allo scopo di valutare l\u2019utilizzo del sito web, compilare report sulle attivit\u00e0 del sito web per gli operatori del sito web e fornire altri servizi relativi alle attivit\u00e0 del sito web e all&#8217;utilizzo di Internet. Google pu\u00f2 anche trasferire queste informazioni a terzi ove ci\u00f2 sia imposto dalla legge o laddove tali terzi trattino le informazioni per conto di Google. Google non assocer\u00e0 l\u2019indirizzo IP a nessun altro dato posseduto da Google. \u00c8 possibile rifiutare l\u2019utilizzo dei cookies selezionando l&#8217;impostazione appropriata sul browser, ma si prega di notare che se si esegue questa operazione l\u2019utente potrebbe non essere in grado di utilizzare alcune funzionalit\u00e0 di questo sito web. Utilizzando il presente sito web, l\u2019utente acconsente al trattamento dei dati da parte di Google per le modalit\u00e0 e i fini sopraindicati.<\/p>\n\n\n\n<h3 class=\"wp-block-heading\">Targeting cookies<\/h3>\n\n\n\n<p>Utilizziamo cookies di targeting che sono utilizzati da Facebook per fornire una serie di prodotti pubblicitari come le offerte in tempo reale di inserzionisti terzi.<\/p>\n\n\n\n<p>Inoltre, durante la visita di www.italdesign.it vi sono alcuni cookies che non sono legati al sito di Italdesign. Alcune delle nostre pagine includono contenuti incorporati come video di Youtube, feed di Twitter, like di Facebook o condivisioni di Google plus, e l\u2019utente potrebbe ricevere cookies da questi siti web. Italdesign non gestisce la pubblicazione di cookies di terze parti. Per capire meglio i loro cookies e le loro privacy policy, si prega di visitare i siti interessati.<\/p>\n\n\n\n<p>Se non si desidera che i cookie vengano memorizzati sul proprio PC \u00e8 possibile disattivare questa funzione senza compromettere la navigazione all&#8217;interno del sito.<\/p>\n\n\n\n<figure class=\"wp-block-table\"><table><thead><tr><th>Categoria<\/th><th>Nome<\/th><th>Terza parte<\/th><th>Durata<\/th><th>Descrizione<\/th><\/tr><\/thead><tbody><tr><td>Tecnical<\/td><td>cookie_consent_preferences<\/td><td>&#8211;<\/td><td>1 anno<\/td><td>Memorizza la visione del messaggio sui cookie da parte del visitatore.<\/td><\/tr><tr><td>Analytics<\/td><td>_ga<\/td><td>Google Analytics <a href=\"https:\/\/support.google.com\/analytics\/answer\/6004245?hl=it\" target=\"_blank\" rel=\"noreferrer noopener nofollow\">privacy policy cookie<\/a><\/td><td>2 anni<\/td><td>Questo cookies \u00e8 associato a Google Universal Analytics \u2013il quale consiste in un aggiornamento significativo del servizio di analisi pi\u00f9 comunemente usato da Google. Questo cookies viene utilizzato per distinguere gli utenti unici assegnando un numero generato casualmente come identificatore del cliente. Viene incluso in ogni richiesta di pagina in un sito e utilizzato per calcolare i dati dei visitatori, delle sessioni e delle campagne per i report analitici dei siti.<\/td><\/tr><tr><td>Analytics<\/td><td>_gid<\/td><td>Google Analytics <a href=\"https:\/\/support.google.com\/analytics\/answer\/6004245?hl=it\" target=\"_blank\" rel=\"noreferrer noopener nofollow\">privacy policy cookie<\/a><\/td><td>1 giorno<\/td><td>Questo cookies \u00e8 impostato da Google Analytics. Memorizza e aggiorna un valore unico per ogni pagina visitata e viene utilizzato per contare e tracciare le pagine viste.<\/td><\/tr><tr><td>Analytics<\/td><td>_gat_UA-68603917-1<\/td><td>Google Analytics <a href=\"https:\/\/support.google.com\/analytics\/answer\/6004245?hl=it\" target=\"_blank\" rel=\"noreferrer noopener nofollow\">privacy policy cookie<\/a><\/td><td>1 minuti<\/td><td>Si tratta di un cookies di tipo pattern impostato da Google Analytics, in cui l&#8217;elemento pattern sul nome contiene il numero identificativo unico dell&#8217;account o del sito web a cui si riferisce. \u00c8 una variante del cookie _gat che viene utilizzato per limitare la quantit\u00e0 di dati registrati da Google sui siti web ad alto volume di traffico.<\/td><\/tr><tr><td>Targeting<\/td><td>_fbp<\/td><td>Facebook<\/td><td>3 mesi<\/td><td>Utilizzato da Facebook per fornire una serie di prodotti pubblicitari come le offerte in tempo reale di inserzionisti terzi.<\/td><\/tr><\/tbody><\/table><\/figure>\n\n\n\n<h3 class=\"wp-block-heading\">Come posso disabilitare i cookies analytics?<\/h3>\n\n\n\n<p>Se si utilizza Microsoft Internet Explorer e si desidera bloccare i cookie del sito web di Italdesign, si possono eseguire le seguenti operazioni:<\/p>\n\n\n\n<ul class=\"wp-block-list\"><li>Nel menu strumenti del browser, selezionare &#8216;Opzioni Internet&#8217;.<\/li><li>Cliccare sulla scheda &#8216;Privacy&#8217; e poi sul pulsante &#8216;Siti&#8217;.<\/li><li>Scrivere nel campo &#8216;Indirizzo del sito web&#8217;: www.italdesign.it<\/li><li>Fare clic sul pulsante &#8216;Blocca&#8217;<\/li><li>Cliccare sul pulsante OK<\/li><\/ul>\n\n\n\n<p>Puoi disabilitare i cookies analytics anche selezionando l\u2019opzione <strong>No, reject<\/strong> di seguito.<\/p>\n\n\n\n<p><strong>Vuoi accettare i cookies analytics?<\/strong><\/p>\n\n\n\n<p> <input type=\"radio\" name=\"analytics-cookie\" value=\"1\" id=\"analytics-cookie-yes\"><label for=\"analytics-cookie-yes\">S\u00ec, accetto<\/label> <br> <input type=\"radio\" name=\"analytics-cookie\" value=\"0\" id=\"analytics-cookie-no\"><label for=\"analytics-cookie-no\">No, rifiuto<\/label> <\/p>\n\n\n\n<h3 class=\"wp-block-heading\">Come posso disabilitare i cookies di targeting?<\/h3>\n\n\n\n<p>Puoi disabilitare i cookies di targeting selezionando l\u2019opzione <strong>No, reject<\/strong> di seguito.<\/p>\n\n\n\n<p><strong>Vuoi accettare i cookies di targeting?<\/strong><\/p>\n\n\n\n<p> <input type=\"radio\" name=\"targeting-cookie\" value=\"1\" id=\"targeting-cookie-yes\"><label for=\"targeting-cookie-yes\">S\u00ec, accetto<\/label> <br> <input type=\"radio\" name=\"targeting-cookie\" value=\"0\" id=\"targeting-cookie-no\"><label for=\"targeting-cookie-no\">No, rifiuto<\/label> <\/p>\n\n\n\n<h3 class=\"wp-block-heading\">L\u2019utente come pu\u00f2 esercitare i propri diritti?<\/h3>\n\n\n\n<p>L\u2019utente pu\u00f2 esercitare i seguenti diritti di cui al GDPR: l&#8217;accesso ai dati personali, l\u2019indicazione delle modalit\u00e0, finalit\u00e0 e logiche del trattamento e la richiesta di limitazione, opposizione o portabilit\u00e0 dei dati, la rettifica e la cancellazione, nei limiti e nelle modalit\u00e0 indicate dal Regolamento. Infine Le \u00e8 riconosciuto il diritto di proporre reclamo all\u2019Autorit\u00e0 competente di cui all\u2019art. 77 Regolamento.<\/p>\n\n\n\n<p>Potr\u00e0 esercitare i diritti sopra riportati scrivendo a <a href=\"mailto:privacy@www.italdesign.it\" rel=\"nofollow\">privacy@www.italdesign.it<\/a>.<\/p>\n\n\n\n<p>Other browsers:<\/p>\n\n\n\n<ul class=\"wp-block-list\"><li><a href=\"https:\/\/support.mozilla.org\/en-US\/kb\/block-websites-storing-site-preferences?redirectlocale=en-US&amp;redirectslug=Blocking+cookies\" target=\"_blank\" rel=\"noreferrer noopener nofollow\">Firefox cookie management<\/a><\/li><li><a href=\"https:\/\/support.google.com\/chrome\/answer\/95647\" target=\"_blank\" rel=\"noreferrer noopener nofollow\">Chrome cookie management<\/a><\/li><li><a href=\"http:\/\/www.apple.com\/support\/?path=Safari\/3.0\/en\/9277.html\" target=\"_blank\" rel=\"noreferrer noopener nofollow\">Safari cookie management<\/a><\/li><\/ul>\n\n\n\n<p>Altri browser che hanno simili capacit\u00e0 di gestione dei cookies nelle loro impostazioni delle preferenze, si prega di fare riferimento alla funzione &#8220;Aiuto&#8221; del browser.<\/p>\n\n\n\n<p>Informazioni pi\u00f9 dettagliate si trovano sulla disabilitazione dei cookie da aboutcookies.org<\/p>\n","protected":false},"excerpt":{"rendered":"<p>To read this page in english:Cookie Policy Chi \u00e8 il Titolare del Trattamento? Ai sensi dell&#8217;articolo 24 GDPR, il Titolare del trattamento \u00e8 Italdesign Giugiaro S.p.A., con sede legale in Torino, via San Quintino, 28 e sede operativa in Moncalieri (TO), via Achille Grandi, 25. Cosa sono i cookies? I cookies sono piccoli file di [&hellip;]<\/p>\n","protected":false},"author":25,"featured_media":0,"parent":0,"menu_order":133,"comment_status":"closed","ping_status":"closed","template":"","meta":{"_acf_changed":false,"inline_featured_image":false,"footnotes":""},"class_list":["post-6811","page","type-page","status-publish","hentry"],"acf":[],"yoast_head":"<!-- This site is optimized with the Yoast SEO plugin v26.2 - https:\/\/yoast.com\/wordpress\/plugins\/seo\/ -->\n<title>Italdesign \u2013 Cookie Policy<\/title>\n<meta name=\"description\" content=\"This is Italdesign Cookie Policy. We use cookies in order to enhance our visitors&#039; experience. By browsing this site you accept cookies.\" \/>\n<meta name=\"robots\" content=\"index, follow, max-snippet:-1, max-image-preview:large, max-video-preview:-1\" \/>\n<link rel=\"canonical\" href=\"https:\/\/www.italdesign.it\/it\/informativa-sui-cookie\/\" \/>\n<meta property=\"og:locale\" content=\"it_IT\" \/>\n<meta property=\"og:type\" content=\"article\" \/>\n<meta property=\"og:title\" content=\"Italdesign \u2013 Cookie Policy\" \/>\n<meta property=\"og:description\" content=\"This is Italdesign Cookie Policy. We use cookies in order to enhance our visitors&#039; experience. By browsing this site you accept cookies.\" \/>\n<meta property=\"og:url\" content=\"https:\/\/www.italdesign.it\/it\/informativa-sui-cookie\/\" \/>\n<meta property=\"og:site_name\" content=\"Italdesign\" \/>\n<meta property=\"article:modified_time\" content=\"2025-02-20T10:29:54+00:00\" \/>\n<meta property=\"og:image\" content=\"https:\/\/www.italdesign.it\/wp-content\/uploads\/2024\/11\/italdesign-share.png\" \/>\n\t<meta property=\"og:image:width\" content=\"1920\" \/>\n\t<meta property=\"og:image:height\" content=\"1080\" \/>\n\t<meta property=\"og:image:type\" content=\"image\/png\" \/>\n<meta name=\"twitter:card\" content=\"summary_large_image\" \/>\n<script type=\"application\/ld+json\" class=\"yoast-schema-graph\">{\"@context\":\"https:\/\/schema.org\",\"@graph\":[{\"@type\":\"WebPage\",\"@id\":\"https:\/\/www.italdesign.it\/it\/informativa-sui-cookie\/\",\"url\":\"https:\/\/www.italdesign.it\/it\/informativa-sui-cookie\/\",\"name\":\"Italdesign \u2013 Cookie Policy\",\"isPartOf\":{\"@id\":\"https:\/\/www.italdesign.it\/it\/#website\"},\"datePublished\":\"2021-11-29T14:08:19+00:00\",\"dateModified\":\"2025-02-20T10:29:54+00:00\",\"description\":\"This is Italdesign Cookie Policy. We use cookies in order to enhance our visitors' experience. By browsing this site you accept cookies.\",\"breadcrumb\":{\"@id\":\"https:\/\/www.italdesign.it\/it\/informativa-sui-cookie\/#breadcrumb\"},\"inLanguage\":\"it-IT\",\"potentialAction\":[{\"@type\":\"ReadAction\",\"target\":[\"https:\/\/www.italdesign.it\/it\/informativa-sui-cookie\/\"]}]},{\"@type\":\"BreadcrumbList\",\"@id\":\"https:\/\/www.italdesign.it\/it\/informativa-sui-cookie\/#breadcrumb\",\"itemListElement\":[{\"@type\":\"ListItem\",\"position\":1,\"name\":\"Home\",\"item\":\"https:\/\/www.italdesign.it\/it\/\"},{\"@type\":\"ListItem\",\"position\":2,\"name\":\"Informativa sui cookie\"}]},{\"@type\":\"WebSite\",\"@id\":\"https:\/\/www.italdesign.it\/it\/#website\",\"url\":\"https:\/\/www.italdesign.it\/it\/\",\"name\":\"Italdesign\",\"description\":\"\",\"potentialAction\":[{\"@type\":\"SearchAction\",\"target\":{\"@type\":\"EntryPoint\",\"urlTemplate\":\"https:\/\/www.italdesign.it\/it\/?s={search_term_string}\"},\"query-input\":{\"@type\":\"PropertyValueSpecification\",\"valueRequired\":true,\"valueName\":\"search_term_string\"}}],\"inLanguage\":\"it-IT\"}]}<\/script>\n<!-- \/ Yoast SEO plugin. -->","yoast_head_json":{"title":"Italdesign \u2013 Cookie Policy","description":"This is Italdesign Cookie Policy. We use cookies in order to enhance our visitors' experience. By browsing this site you accept cookies.","robots":{"index":"index","follow":"follow","max-snippet":"max-snippet:-1","max-image-preview":"max-image-preview:large","max-video-preview":"max-video-preview:-1"},"canonical":"https:\/\/www.italdesign.it\/it\/informativa-sui-cookie\/","og_locale":"it_IT","og_type":"article","og_title":"Italdesign \u2013 Cookie Policy","og_description":"This is Italdesign Cookie Policy. We use cookies in order to enhance our visitors' experience. By browsing this site you accept cookies.","og_url":"https:\/\/www.italdesign.it\/it\/informativa-sui-cookie\/","og_site_name":"Italdesign","article_modified_time":"2025-02-20T10:29:54+00:00","og_image":[{"width":1920,"height":1080,"url":"https:\/\/www.italdesign.it\/wp-content\/uploads\/2024\/11\/italdesign-share.png","type":"image\/png"}],"twitter_card":"summary_large_image","schema":{"@context":"https:\/\/schema.org","@graph":[{"@type":"WebPage","@id":"https:\/\/www.italdesign.it\/it\/informativa-sui-cookie\/","url":"https:\/\/www.italdesign.it\/it\/informativa-sui-cookie\/","name":"Italdesign \u2013 Cookie Policy","isPartOf":{"@id":"https:\/\/www.italdesign.it\/it\/#website"},"datePublished":"2021-11-29T14:08:19+00:00","dateModified":"2025-02-20T10:29:54+00:00","description":"This is Italdesign Cookie Policy. We use cookies in order to enhance our visitors' experience. By browsing this site you accept cookies.","breadcrumb":{"@id":"https:\/\/www.italdesign.it\/it\/informativa-sui-cookie\/#breadcrumb"},"inLanguage":"it-IT","potentialAction":[{"@type":"ReadAction","target":["https:\/\/www.italdesign.it\/it\/informativa-sui-cookie\/"]}]},{"@type":"BreadcrumbList","@id":"https:\/\/www.italdesign.it\/it\/informativa-sui-cookie\/#breadcrumb","itemListElement":[{"@type":"ListItem","position":1,"name":"Home","item":"https:\/\/www.italdesign.it\/it\/"},{"@type":"ListItem","position":2,"name":"Informativa sui cookie"}]},{"@type":"WebSite","@id":"https:\/\/www.italdesign.it\/it\/#website","url":"https:\/\/www.italdesign.it\/it\/","name":"Italdesign","description":"","potentialAction":[{"@type":"SearchAction","target":{"@type":"EntryPoint","urlTemplate":"https:\/\/www.italdesign.it\/it\/?s={search_term_string}"},"query-input":{"@type":"PropertyValueSpecification","valueRequired":true,"valueName":"search_term_string"}}],"inLanguage":"it-IT"}]}},"_links":{"self":[{"href":"https:\/\/www.italdesign.it\/it\/wp-json\/wp\/v2\/pages\/6811","targetHints":{"allow":["GET"]}}],"collection":[{"href":"https:\/\/www.italdesign.it\/it\/wp-json\/wp\/v2\/pages"}],"about":[{"href":"https:\/\/www.italdesign.it\/it\/wp-json\/wp\/v2\/types\/page"}],"author":[{"embeddable":true,"href":"https:\/\/www.italdesign.it\/it\/wp-json\/wp\/v2\/users\/25"}],"replies":[{"embeddable":true,"href":"https:\/\/www.italdesign.it\/it\/wp-json\/wp\/v2\/comments?post=6811"}],"version-history":[{"count":6,"href":"https:\/\/www.italdesign.it\/it\/wp-json\/wp\/v2\/pages\/6811\/revisions"}],"predecessor-version":[{"id":17035,"href":"https:\/\/www.italdesign.it\/it\/wp-json\/wp\/v2\/pages\/6811\/revisions\/17035"}],"wp:attachment":[{"href":"https:\/\/www.italdesign.it\/it\/wp-json\/wp\/v2\/media?parent=6811"}],"curies":[{"name":"wp","href":"https:\/\/api.w.org\/{rel}","templated":true}]}}