{"id":6810,"date":"2021-11-29T14:56:53","date_gmt":"2021-11-29T13:56:53","guid":{"rendered":"http:\/\/www.italdesign.it\/?page_id=6810"},"modified":"2025-02-20T11:27:51","modified_gmt":"2025-02-20T10:27:51","slug":"informativa-sulla-privacy","status":"publish","type":"page","link":"https:\/\/www.italdesign.it\/it\/informativa-sulla-privacy\/","title":{"rendered":"Informativa sulla privacy"},"content":{"rendered":"\n<p class=\"has-text-align-right\">To read this page in english:<br><a href=\"http:\/\/www.italdesign.it\/privacy-policy\/\">Privacy Policy<\/a><\/p>\n\n\n\n<p>Gentile Utente,<\/p>\n\n\n\n<p>ai sensi dell\u2019art. 13 del Regolamento UE n. 679\/2016 (di seguito anche GDPR) e della normativa nazionale in materia di protezione dei dati personali, attraverso la presente Le forniamo le informazioni relative alle modalit\u00e0 e finalit\u00e0 del trattamento dei Suoi dati personali raccolti attraverso il nostro sito.<\/p>\n\n\n\n<h3 class=\"wp-block-heading\">1. Titolare del trattamento e Responsabile della protezione dei dati<\/h3>\n\n\n\n<p>Il Titolare del trattamento \u00e8 Italdesign- Giugiaro S.p.A., con sede legale in Torino, via San Quintino 28 e sede operativa in Moncalieri (TO), via Achille Grandi 25, il quale pu\u00f2 essere contattato scrivendo a privacy@www.italdesign.it.<\/p>\n\n\n\n<p>Il Responsabile per la protezione dei dati (DPO) pu\u00f2 essere contattato inviando un\u2019e-mail a dpo@www.italdesign.it.<\/p>\n\n\n\n<h3 class=\"wp-block-heading\">2. Categorie di dati oggetto del trattamento<\/h3>\n\n\n\n<p>Il Titolare tratta dati personali ex art. 4 GDPR (nome, cognome, indirizzo e-mail) da Lei comunicati attraverso la compilazione del form disponibile nella sezione \u201cContatti\u201d del sito.<\/p>\n\n\n\n<p>Inoltre, il normale funzionamento del sito web rende necessario acquisire ulteriori Suoi dati personali.<\/p>\n\n\n\n<p>Si tratta di informazioni che non sono raccolte per essere associate a interessati identificati ma che, per loro stessa natura, potrebbero permettere di identificare gli utenti attraverso elaborazioni ed associazioni con dati detenuti da terzi. In tale categoria di dati si collocano i cookies, piccoli file di testo che i siti visitati dagli utenti inviano ai loro terminali, dove vengono memorizzati per essere ritrasmessi agli stessi siti in occasione di visite successive. Per maggiori informazioni sui cookies utilizzati dal sito visiti: https:\/\/www.italdesign.it\/cookie-policy\/.<\/p>\n\n\n\n<h3 class=\"wp-block-heading\">3. Finalit\u00e0 del trattamento<\/h3>\n\n\n\n<p>I Suoi dati personali sono trattati esclusivamente per ricevere, ed eventualmente dar riscontro, a Sue richieste di contatto di carattere commerciale, nonch\u00e9 per valutare l\u2019utilizzo del sito internet.<\/p>\n\n\n\n<p>Si precisa che i dati personali relativi a richieste prive di finalit\u00e0 commerciali verranno cancellati.<\/p>\n\n\n\n<h3 class=\"wp-block-heading\">4. Modalit\u00e0 di trattamento e conservazione<\/h3>\n\n\n\n<p>I dati personali vengono trattati dal Titolare nel rispetto dei principi di liceit\u00e0, correttezza e trasparenza.<\/p>\n\n\n\n<p>Il trattamento dei Suoi dati personali \u00e8 realizzato per mezzo delle seguenti operazioni: raccolta, registrazione, organizzazione, strutturazione, conservazione, consultazione, adattamento o modifica,<\/p>\n\n\n\n<p>uso, diffusione, comunicazione, estrazione, raffronto, interconnessione, limitazione, cancellazione e distruzione dei dati.<\/p>\n\n\n\n<p>Il Titolare tratter\u00e0 i dati personali il tempo necessario per adempiere alle finalit\u00e0 di cui sopra e comunque non oltre 2 anni dalla raccolta dei dati.<\/p>\n\n\n\n<h3 class=\"wp-block-heading\">5. Accesso ai dati<\/h3>\n\n\n\n<p>I Suoi dati potranno essere resi accessibili per le finalit\u00e0 di cui all\u2019art. 3 ai seguenti destinatari:<\/p>\n\n\n\n<ul class=\"wp-block-list\"><li>a societ\u00e0 o altri soggetti terzi (soggetti che forniscono servizi per la gestione del sistema informativo e delle reti di telecomunicazioni di servizi, nonch\u00e9 dello stesso sito internet, etc.) che svolgono attivit\u00e0 in outsourcing per conto del Titolare;<\/li><li>a soggetti nominati Responsabili esterni, e ai soggetti autorizzati al trattamento dal Titolare che hanno necessit\u00e0 di trattarli per l\u2019espletamento degli incarichi e delle funzioni a loro affidati;<\/li><li>a soggetti pubblici, per l\u2019adempimento di obblighi di legge, e all\u2019Autorit\u00e0 giudiziaria, in caso di formale richiesta.<\/li><\/ul>\n\n\n\n<h3 class=\"wp-block-heading\">6. Trasferimento dei dati in paesi extra-UE<\/h3>\n\n\n\n<p>I Suoi dati personali non saranno oggetto di trasferimento extra-UE e sono conservati su server ubicati all\u2019interno dell\u2019Unione Europea. Resta in ogni caso inteso che il Titolare, ove si rendesse necessario, avr\u00e0 facolt\u00e0 di trasferire i dati che la riguardano anche al di fuori dell\u2019UE. In tal caso, il Titolare assicura sin d\u2019ora che il trasferimento dei dati in Paesi extra- UE avverr\u00e0 in presenza di una delle condizioni di cui al capo V del GDPR.<\/p>\n\n\n\n<h3 class=\"wp-block-heading\">7. Base giuridica del trattamento<\/h3>\n\n\n\n<p>La base giuridica del conferimento dei dati personali e il relativo trattamento per le finalit\u00e0 di cui al punto 3 risiede nel legittimo interesse del Titolare ex art. 6, par. 1, lett. f) del GDPR, dal momento che il trattamento \u00e8 necessario per dare eventuale esecuzione alle richieste aventi finalit\u00e0 commerciali che Lei dovesse inviarci.<\/p>\n\n\n\n<p>In caso di diniego, Lei non potr\u00e0 inviare con successo richieste e non potr\u00e0 ricevere riscontro dal Titolare.<\/p>\n\n\n\n<h3 class=\"wp-block-heading\">8. Diritti dell\u2019interessato<\/h3>\n\n\n\n<p>Nella Sua qualit\u00e0 di interessato al trattamento dei dati Le sono riconosciuti i seguenti diritti di cui al GDPR. Lei potr\u00e0 chiedere al Titolare del trattamento, rivolgendosi al Responsabile della Protezione dei Dati: l&#8217;accesso ai dati personali, l\u2019indicazione delle modalit\u00e0, finalit\u00e0 e logiche del trattamento e la richiesta di limitazione, opposizione o portabilit\u00e0 dei dati, la rettifica e la cancellazione, nei limiti e nelle modalit\u00e0 indicate dal Regolamento. Infine Le \u00e8 riconosciuto il diritto di proporre reclamo all\u2019Autorit\u00e0 competente di cui all\u2019art. 77 Regolamento. Potr\u00e0 esercitare i diritti sopra riportati scrivendo a <a href=\"mailto:privacy@www.italdesign.it\" target=\"_blank\" rel=\"noreferrer noopener\">privacy@www.italdesign.it<\/a>.<\/p>\n","protected":false},"excerpt":{"rendered":"<p>To read this page in english:Privacy Policy Gentile Utente, ai sensi dell\u2019art. 13 del Regolamento UE n. 679\/2016 (di seguito anche GDPR) e della normativa nazionale in materia di protezione dei dati personali, attraverso la presente Le forniamo le informazioni relative alle modalit\u00e0 e finalit\u00e0 del trattamento dei Suoi dati personali raccolti attraverso il nostro [&hellip;]<\/p>\n","protected":false},"author":25,"featured_media":0,"parent":0,"menu_order":102,"comment_status":"closed","ping_status":"closed","template":"","meta":{"_acf_changed":false,"inline_featured_image":false,"footnotes":""},"class_list":["post-6810","page","type-page","status-publish","hentry"],"acf":[],"yoast_head":"<!-- This site is optimized with the Yoast SEO plugin v26.2 - https:\/\/yoast.com\/wordpress\/plugins\/seo\/ -->\n<title>Informativa sulla privacy - Italdesign<\/title>\n<meta name=\"robots\" content=\"index, follow, max-snippet:-1, max-image-preview:large, max-video-preview:-1\" \/>\n<link rel=\"canonical\" href=\"https:\/\/www.italdesign.it\/it\/informativa-sulla-privacy\/\" \/>\n<meta property=\"og:locale\" content=\"it_IT\" \/>\n<meta property=\"og:type\" content=\"article\" \/>\n<meta property=\"og:title\" content=\"Informativa sulla privacy - Italdesign\" \/>\n<meta property=\"og:description\" content=\"To read this page in english:Privacy Policy Gentile Utente, ai sensi dell\u2019art. 13 del Regolamento UE n. 679\/2016 (di seguito anche GDPR) e della normativa nazionale in materia di protezione dei dati personali, attraverso la presente Le forniamo le informazioni relative alle modalit\u00e0 e finalit\u00e0 del trattamento dei Suoi dati personali raccolti attraverso il nostro [&hellip;]\" \/>\n<meta property=\"og:url\" content=\"https:\/\/www.italdesign.it\/it\/informativa-sulla-privacy\/\" \/>\n<meta property=\"og:site_name\" content=\"Italdesign\" \/>\n<meta property=\"article:modified_time\" content=\"2025-02-20T10:27:51+00:00\" \/>\n<meta property=\"og:image\" content=\"https:\/\/www.italdesign.it\/wp-content\/uploads\/2024\/11\/italdesign-share.png\" \/>\n\t<meta property=\"og:image:width\" content=\"1920\" \/>\n\t<meta property=\"og:image:height\" content=\"1080\" \/>\n\t<meta property=\"og:image:type\" content=\"image\/png\" \/>\n<meta name=\"twitter:card\" content=\"summary_large_image\" \/>\n<script type=\"application\/ld+json\" class=\"yoast-schema-graph\">{\"@context\":\"https:\/\/schema.org\",\"@graph\":[{\"@type\":\"WebPage\",\"@id\":\"https:\/\/www.italdesign.it\/it\/informativa-sulla-privacy\/\",\"url\":\"https:\/\/www.italdesign.it\/it\/informativa-sulla-privacy\/\",\"name\":\"Informativa sulla privacy - Italdesign\",\"isPartOf\":{\"@id\":\"https:\/\/www.italdesign.it\/it\/#website\"},\"datePublished\":\"2021-11-29T13:56:53+00:00\",\"dateModified\":\"2025-02-20T10:27:51+00:00\",\"breadcrumb\":{\"@id\":\"https:\/\/www.italdesign.it\/it\/informativa-sulla-privacy\/#breadcrumb\"},\"inLanguage\":\"it-IT\",\"potentialAction\":[{\"@type\":\"ReadAction\",\"target\":[\"https:\/\/www.italdesign.it\/it\/informativa-sulla-privacy\/\"]}]},{\"@type\":\"BreadcrumbList\",\"@id\":\"https:\/\/www.italdesign.it\/it\/informativa-sulla-privacy\/#breadcrumb\",\"itemListElement\":[{\"@type\":\"ListItem\",\"position\":1,\"name\":\"Home\",\"item\":\"https:\/\/www.italdesign.it\/it\/\"},{\"@type\":\"ListItem\",\"position\":2,\"name\":\"Informativa sulla privacy\"}]},{\"@type\":\"WebSite\",\"@id\":\"https:\/\/www.italdesign.it\/it\/#website\",\"url\":\"https:\/\/www.italdesign.it\/it\/\",\"name\":\"Italdesign\",\"description\":\"\",\"potentialAction\":[{\"@type\":\"SearchAction\",\"target\":{\"@type\":\"EntryPoint\",\"urlTemplate\":\"https:\/\/www.italdesign.it\/it\/?s={search_term_string}\"},\"query-input\":{\"@type\":\"PropertyValueSpecification\",\"valueRequired\":true,\"valueName\":\"search_term_string\"}}],\"inLanguage\":\"it-IT\"}]}<\/script>\n<!-- \/ Yoast SEO plugin. -->","yoast_head_json":{"title":"Informativa sulla privacy - Italdesign","robots":{"index":"index","follow":"follow","max-snippet":"max-snippet:-1","max-image-preview":"max-image-preview:large","max-video-preview":"max-video-preview:-1"},"canonical":"https:\/\/www.italdesign.it\/it\/informativa-sulla-privacy\/","og_locale":"it_IT","og_type":"article","og_title":"Informativa sulla privacy - Italdesign","og_description":"To read this page in english:Privacy Policy Gentile Utente, ai sensi dell\u2019art. 13 del Regolamento UE n. 679\/2016 (di seguito anche GDPR) e della normativa nazionale in materia di protezione dei dati personali, attraverso la presente Le forniamo le informazioni relative alle modalit\u00e0 e finalit\u00e0 del trattamento dei Suoi dati personali raccolti attraverso il nostro [&hellip;]","og_url":"https:\/\/www.italdesign.it\/it\/informativa-sulla-privacy\/","og_site_name":"Italdesign","article_modified_time":"2025-02-20T10:27:51+00:00","og_image":[{"width":1920,"height":1080,"url":"https:\/\/www.italdesign.it\/wp-content\/uploads\/2024\/11\/italdesign-share.png","type":"image\/png"}],"twitter_card":"summary_large_image","schema":{"@context":"https:\/\/schema.org","@graph":[{"@type":"WebPage","@id":"https:\/\/www.italdesign.it\/it\/informativa-sulla-privacy\/","url":"https:\/\/www.italdesign.it\/it\/informativa-sulla-privacy\/","name":"Informativa sulla privacy - Italdesign","isPartOf":{"@id":"https:\/\/www.italdesign.it\/it\/#website"},"datePublished":"2021-11-29T13:56:53+00:00","dateModified":"2025-02-20T10:27:51+00:00","breadcrumb":{"@id":"https:\/\/www.italdesign.it\/it\/informativa-sulla-privacy\/#breadcrumb"},"inLanguage":"it-IT","potentialAction":[{"@type":"ReadAction","target":["https:\/\/www.italdesign.it\/it\/informativa-sulla-privacy\/"]}]},{"@type":"BreadcrumbList","@id":"https:\/\/www.italdesign.it\/it\/informativa-sulla-privacy\/#breadcrumb","itemListElement":[{"@type":"ListItem","position":1,"name":"Home","item":"https:\/\/www.italdesign.it\/it\/"},{"@type":"ListItem","position":2,"name":"Informativa sulla privacy"}]},{"@type":"WebSite","@id":"https:\/\/www.italdesign.it\/it\/#website","url":"https:\/\/www.italdesign.it\/it\/","name":"Italdesign","description":"","potentialAction":[{"@type":"SearchAction","target":{"@type":"EntryPoint","urlTemplate":"https:\/\/www.italdesign.it\/it\/?s={search_term_string}"},"query-input":{"@type":"PropertyValueSpecification","valueRequired":true,"valueName":"search_term_string"}}],"inLanguage":"it-IT"}]}},"_links":{"self":[{"href":"https:\/\/www.italdesign.it\/it\/wp-json\/wp\/v2\/pages\/6810","targetHints":{"allow":["GET"]}}],"collection":[{"href":"https:\/\/www.italdesign.it\/it\/wp-json\/wp\/v2\/pages"}],"about":[{"href":"https:\/\/www.italdesign.it\/it\/wp-json\/wp\/v2\/types\/page"}],"author":[{"embeddable":true,"href":"https:\/\/www.italdesign.it\/it\/wp-json\/wp\/v2\/users\/25"}],"replies":[{"embeddable":true,"href":"https:\/\/www.italdesign.it\/it\/wp-json\/wp\/v2\/comments?post=6810"}],"version-history":[{"count":8,"href":"https:\/\/www.italdesign.it\/it\/wp-json\/wp\/v2\/pages\/6810\/revisions"}],"predecessor-version":[{"id":18539,"href":"https:\/\/www.italdesign.it\/it\/wp-json\/wp\/v2\/pages\/6810\/revisions\/18539"}],"wp:attachment":[{"href":"https:\/\/www.italdesign.it\/it\/wp-json\/wp\/v2\/media?parent=6810"}],"curies":[{"name":"wp","href":"https:\/\/api.w.org\/{rel}","templated":true}]}}