{"id":18212,"date":"2021-09-09T10:36:18","date_gmt":"2021-09-09T08:36:18","guid":{"rendered":"https:\/\/www.italdesign.it\/services\/vehicle-manufacturing\/"},"modified":"2026-02-16T12:09:21","modified_gmt":"2026-02-16T11:09:21","slug":"vehicle-manufacturing","status":"publish","type":"page","link":"https:\/\/www.italdesign.it\/it\/services\/vehicle-manufacturing\/","title":{"rendered":"Vehicle Manufacturing"},"content":{"rendered":"\r\n<p>Italdesign\u00a0Production Centre builds\u00a0models, running mule cars and prototypes with\u00a0ultra-high precision for the validation of all\u00a0design and engineering parameters.<\/p>\r\n\r\n\r\n\r\n<p>Testing\u00a0activities validate the engineering through the physical objects produced by the Production Center,\u00a0confirm the target fulfilment and optimize the\u00a0product for tool release.<\/p>\r\n\r\n\r\n\r\n<p>The Production Centre uses the best available\u00a0technologies for the sheet metal parts and Bodies in White (BIW) production:\u00a0<\/p>\r\n\r\n\r\n\r\n<p>9 presses; 4 laser cutting robot stations; 9 robots\u00a0for the production of\u00a0body parts and\u00a0subassemblies; 13 measuring and scanning systems for quality\u00a0control; 2 BIW welding lines equipped with 4 Geo Boxes; 50 spot welding adaptive guns and 15\u00a0CO<sub>2<\/sub>\u00a0MIG\/MAG welding stations; 14 numerically controlled milling machines.\u200b<br \/><br \/>Italdesign is able to produce up to 12 Bodies In White per week.\u200b Special equipment for final assembly can guarantee the production of more than 15 running prototype cars per week, including vehicles with composite bodies and BEV technologies. \u200b<\/p>\r\n\r\n\r\n\r\n<p>Constantly committed to innovation, the Production Centre also develops vehicles for ultra limited production and running showcars with exclusive features. \u200b<\/p>\r\n\r\n\r\n\r\n<p>The best technical solutions fulfilling all the requirements involved in development are here identified: the goal is to strike the best balance between technical and technological constraints, ergonomics, performance and costs. This process results in the creation of a first virtual concept car.<\/p>\r\n","protected":false},"excerpt":{"rendered":"<p>In Italdesign trasformiamo le idee in realt\u00e0, combinando creativit\u00e0, qualit\u00e0 e innovazione in ogni fase dei nostri processi produttivi. In qualit\u00e0 di produttori certificati con un World Manufacturer Identifier (WMI), abbiamo la possibilit\u00e0 di assegnare un numero di identificazione unico (VIN) a ciascun veicolo che realizziamo.<\/p>\n","protected":false},"author":25,"featured_media":13639,"parent":17957,"menu_order":108,"comment_status":"closed","ping_status":"closed","template":"","meta":{"_acf_changed":false,"inline_featured_image":false,"footnotes":""},"class_list":["post-18212","page","type-page","status-publish","has-post-thumbnail","hentry"],"acf":[],"yoast_head":"<!-- This site is optimized with the Yoast SEO plugin v26.2 - https:\/\/yoast.com\/wordpress\/plugins\/seo\/ -->\n<title>Vehicle Manufacturing - Italdesign<\/title>\n<meta name=\"description\" content=\"Bespoke vehicle manufacturing: quality, innovation, and craftsmanship.\" \/>\n<meta name=\"robots\" content=\"index, follow, max-snippet:-1, max-image-preview:large, max-video-preview:-1\" \/>\n<link rel=\"canonical\" href=\"https:\/\/www.italdesign.it\/it\/services\/vehicle-manufacturing\/\" \/>\n<meta property=\"og:locale\" content=\"it_IT\" \/>\n<meta property=\"og:type\" content=\"article\" \/>\n<meta property=\"og:title\" content=\"Vehicle Manufacturing - Italdesign\" \/>\n<meta property=\"og:description\" content=\"Bespoke vehicle manufacturing: quality, innovation, and craftsmanship.\" \/>\n<meta property=\"og:url\" content=\"https:\/\/www.italdesign.it\/it\/services\/vehicle-manufacturing\/\" \/>\n<meta property=\"og:site_name\" content=\"Italdesign\" \/>\n<meta property=\"article:modified_time\" content=\"2026-02-16T11:09:21+00:00\" \/>\n<meta property=\"og:image\" content=\"https:\/\/www.italdesign.it\/wp-content\/uploads\/2024\/10\/Card_vehicle-manufacturing.jpg\" \/>\n\t<meta property=\"og:image:width\" content=\"1220\" \/>\n\t<meta property=\"og:image:height\" content=\"720\" \/>\n\t<meta property=\"og:image:type\" content=\"image\/jpeg\" \/>\n<meta name=\"twitter:card\" content=\"summary_large_image\" \/>\n<meta name=\"twitter:label1\" content=\"Tempo di lettura stimato\" \/>\n\t<meta name=\"twitter:data1\" content=\"1 minuto\" \/>\n<script type=\"application\/ld+json\" class=\"yoast-schema-graph\">{\"@context\":\"https:\/\/schema.org\",\"@graph\":[{\"@type\":\"WebPage\",\"@id\":\"https:\/\/www.italdesign.it\/it\/services\/vehicle-manufacturing\/\",\"url\":\"https:\/\/www.italdesign.it\/it\/services\/vehicle-manufacturing\/\",\"name\":\"Vehicle Manufacturing - Italdesign\",\"isPartOf\":{\"@id\":\"https:\/\/www.italdesign.it\/it\/#website\"},\"primaryImageOfPage\":{\"@id\":\"https:\/\/www.italdesign.it\/it\/services\/vehicle-manufacturing\/#primaryimage\"},\"image\":{\"@id\":\"https:\/\/www.italdesign.it\/it\/services\/vehicle-manufacturing\/#primaryimage\"},\"thumbnailUrl\":\"https:\/\/www.italdesign.it\/wp-content\/uploads\/2024\/10\/Card_vehicle-manufacturing.jpg\",\"datePublished\":\"2021-09-09T08:36:18+00:00\",\"dateModified\":\"2026-02-16T11:09:21+00:00\",\"description\":\"Bespoke vehicle manufacturing: quality, innovation, and craftsmanship.\",\"breadcrumb\":{\"@id\":\"https:\/\/www.italdesign.it\/it\/services\/vehicle-manufacturing\/#breadcrumb\"},\"inLanguage\":\"it-IT\",\"potentialAction\":[{\"@type\":\"ReadAction\",\"target\":[\"https:\/\/www.italdesign.it\/it\/services\/vehicle-manufacturing\/\"]}]},{\"@type\":\"ImageObject\",\"inLanguage\":\"it-IT\",\"@id\":\"https:\/\/www.italdesign.it\/it\/services\/vehicle-manufacturing\/#primaryimage\",\"url\":\"https:\/\/www.italdesign.it\/wp-content\/uploads\/2024\/10\/Card_vehicle-manufacturing.jpg\",\"contentUrl\":\"https:\/\/www.italdesign.it\/wp-content\/uploads\/2024\/10\/Card_vehicle-manufacturing.jpg\",\"width\":1220,\"height\":720},{\"@type\":\"BreadcrumbList\",\"@id\":\"https:\/\/www.italdesign.it\/it\/services\/vehicle-manufacturing\/#breadcrumb\",\"itemListElement\":[{\"@type\":\"ListItem\",\"position\":1,\"name\":\"Home\",\"item\":\"https:\/\/www.italdesign.it\/it\/\"},{\"@type\":\"ListItem\",\"position\":2,\"name\":\"Services\",\"item\":\"https:\/\/www.italdesign.it\/it\/services\/\"},{\"@type\":\"ListItem\",\"position\":3,\"name\":\"Vehicle Manufacturing\"}]},{\"@type\":\"WebSite\",\"@id\":\"https:\/\/www.italdesign.it\/it\/#website\",\"url\":\"https:\/\/www.italdesign.it\/it\/\",\"name\":\"Italdesign\",\"description\":\"\",\"potentialAction\":[{\"@type\":\"SearchAction\",\"target\":{\"@type\":\"EntryPoint\",\"urlTemplate\":\"https:\/\/www.italdesign.it\/it\/?s={search_term_string}\"},\"query-input\":{\"@type\":\"PropertyValueSpecification\",\"valueRequired\":true,\"valueName\":\"search_term_string\"}}],\"inLanguage\":\"it-IT\"}]}<\/script>\n<!-- \/ Yoast SEO plugin. -->","yoast_head_json":{"title":"Vehicle Manufacturing - Italdesign","description":"Bespoke vehicle manufacturing: quality, innovation, and craftsmanship.","robots":{"index":"index","follow":"follow","max-snippet":"max-snippet:-1","max-image-preview":"max-image-preview:large","max-video-preview":"max-video-preview:-1"},"canonical":"https:\/\/www.italdesign.it\/it\/services\/vehicle-manufacturing\/","og_locale":"it_IT","og_type":"article","og_title":"Vehicle Manufacturing - Italdesign","og_description":"Bespoke vehicle manufacturing: quality, innovation, and craftsmanship.","og_url":"https:\/\/www.italdesign.it\/it\/services\/vehicle-manufacturing\/","og_site_name":"Italdesign","article_modified_time":"2026-02-16T11:09:21+00:00","og_image":[{"width":1220,"height":720,"url":"https:\/\/www.italdesign.it\/wp-content\/uploads\/2024\/10\/Card_vehicle-manufacturing.jpg","type":"image\/jpeg"}],"twitter_card":"summary_large_image","twitter_misc":{"Tempo di lettura stimato":"1 minuto"},"schema":{"@context":"https:\/\/schema.org","@graph":[{"@type":"WebPage","@id":"https:\/\/www.italdesign.it\/it\/services\/vehicle-manufacturing\/","url":"https:\/\/www.italdesign.it\/it\/services\/vehicle-manufacturing\/","name":"Vehicle Manufacturing - Italdesign","isPartOf":{"@id":"https:\/\/www.italdesign.it\/it\/#website"},"primaryImageOfPage":{"@id":"https:\/\/www.italdesign.it\/it\/services\/vehicle-manufacturing\/#primaryimage"},"image":{"@id":"https:\/\/www.italdesign.it\/it\/services\/vehicle-manufacturing\/#primaryimage"},"thumbnailUrl":"https:\/\/www.italdesign.it\/wp-content\/uploads\/2024\/10\/Card_vehicle-manufacturing.jpg","datePublished":"2021-09-09T08:36:18+00:00","dateModified":"2026-02-16T11:09:21+00:00","description":"Bespoke vehicle manufacturing: quality, innovation, and craftsmanship.","breadcrumb":{"@id":"https:\/\/www.italdesign.it\/it\/services\/vehicle-manufacturing\/#breadcrumb"},"inLanguage":"it-IT","potentialAction":[{"@type":"ReadAction","target":["https:\/\/www.italdesign.it\/it\/services\/vehicle-manufacturing\/"]}]},{"@type":"ImageObject","inLanguage":"it-IT","@id":"https:\/\/www.italdesign.it\/it\/services\/vehicle-manufacturing\/#primaryimage","url":"https:\/\/www.italdesign.it\/wp-content\/uploads\/2024\/10\/Card_vehicle-manufacturing.jpg","contentUrl":"https:\/\/www.italdesign.it\/wp-content\/uploads\/2024\/10\/Card_vehicle-manufacturing.jpg","width":1220,"height":720},{"@type":"BreadcrumbList","@id":"https:\/\/www.italdesign.it\/it\/services\/vehicle-manufacturing\/#breadcrumb","itemListElement":[{"@type":"ListItem","position":1,"name":"Home","item":"https:\/\/www.italdesign.it\/it\/"},{"@type":"ListItem","position":2,"name":"Services","item":"https:\/\/www.italdesign.it\/it\/services\/"},{"@type":"ListItem","position":3,"name":"Vehicle Manufacturing"}]},{"@type":"WebSite","@id":"https:\/\/www.italdesign.it\/it\/#website","url":"https:\/\/www.italdesign.it\/it\/","name":"Italdesign","description":"","potentialAction":[{"@type":"SearchAction","target":{"@type":"EntryPoint","urlTemplate":"https:\/\/www.italdesign.it\/it\/?s={search_term_string}"},"query-input":{"@type":"PropertyValueSpecification","valueRequired":true,"valueName":"search_term_string"}}],"inLanguage":"it-IT"}]}},"_links":{"self":[{"href":"https:\/\/www.italdesign.it\/it\/wp-json\/wp\/v2\/pages\/18212","targetHints":{"allow":["GET"]}}],"collection":[{"href":"https:\/\/www.italdesign.it\/it\/wp-json\/wp\/v2\/pages"}],"about":[{"href":"https:\/\/www.italdesign.it\/it\/wp-json\/wp\/v2\/types\/page"}],"author":[{"embeddable":true,"href":"https:\/\/www.italdesign.it\/it\/wp-json\/wp\/v2\/users\/25"}],"replies":[{"embeddable":true,"href":"https:\/\/www.italdesign.it\/it\/wp-json\/wp\/v2\/comments?post=18212"}],"version-history":[{"count":12,"href":"https:\/\/www.italdesign.it\/it\/wp-json\/wp\/v2\/pages\/18212\/revisions"}],"predecessor-version":[{"id":21592,"href":"https:\/\/www.italdesign.it\/it\/wp-json\/wp\/v2\/pages\/18212\/revisions\/21592"}],"up":[{"embeddable":true,"href":"https:\/\/www.italdesign.it\/it\/wp-json\/wp\/v2\/pages\/17957"}],"wp:featuredmedia":[{"embeddable":true,"href":"https:\/\/www.italdesign.it\/it\/wp-json\/wp\/v2\/media\/13639"}],"wp:attachment":[{"href":"https:\/\/www.italdesign.it\/it\/wp-json\/wp\/v2\/media?parent=18212"}],"curies":[{"name":"wp","href":"https:\/\/api.w.org\/{rel}","templated":true}]}}